{"id":23,"date":"2021-07-01T20:25:57","date_gmt":"2021-07-01T18:25:57","guid":{"rendered":"https:\/\/fehervariprogram.hu\/jegy\/?page_id=23"},"modified":"2021-07-12T10:34:37","modified_gmt":"2021-07-12T08:34:37","slug":"fizetesi-tajekoztato","status":"publish","type":"page","link":"https:\/\/fehervariprogram.hu\/jegy\/fizetesi-tajekoztato\/","title":{"rendered":"Fizet\u00e9si t\u00e1j\u00e9koztat\u00f3"},"content":{"rendered":"<p><strong>MIT JELENT A BARION?<\/strong><br \/>\nA Barion elektronikus fizet\u00e9seket lebonyol\u00edt\u00f3 szolg\u00e1ltat\u00e1s, amivel k\u00e9nyelmesen \u00e9s biztons\u00e1gosan tudsz bankk\u00e1rty\u00e1val, vagy el\u0151re felt\u00f6lt\u00f6tt egyenleggel fizetni honlapunkon. A szolg\u00e1ltat\u00e1st ny\u00fajt\u00f3 Barion Payment Zrt. a Magyar Nemzeti Bank fel\u00fcgyelete alatt \u00e1ll\u00f3 e-p\u00e9nz kibocs\u00e1t\u00f3, enged\u00e9ly\u00e9nek sz\u00e1ma: H-EN-I-1064\/2013.<\/p>\n<p><strong>MIVEL LEHET FIZETNI?<\/strong><br \/>\nOnline tudsz fizetni:<\/p>\n<p>Bankk\u00e1rty\u00e1val (visa, visa elecron, maestro, mastercard, american express bankk\u00e1rty\u00e1t tudunk elfogadni, teh\u00e1t nem csak dombornyomott k\u00e1rty\u00e1t) vagy Barion t\u00e1rc\u00e1val. A Barion t\u00e1rc\u00e1t viszont fel lehet t\u00f6lteni k\u00e9szp\u00e9nzzel (b\u00e1rmely CIB bankfi\u00f3kban) \u00e9s \u00e1tutal\u00e1ssal is, \u00edgy n\u00e1lunk indirekt m\u00f3don k\u00e9szp\u00e9nzzel \u00e9s utal\u00e1ssal is fizethetsz. A bankk\u00e1rtya elfogad\u00e1st is a Barion rendszere v\u00e9gzi. A bankk\u00e1rty\u00e1s fizet\u00e9shez nem k\u00f6telez\u0151 a Barion regisztr\u00e1ci\u00f3 (Barion t\u00e1rca nyit\u00e1sa), el\u00e9g megadni bankk\u00e1rty\u00e1d sz\u00e1m\u00e1t, a lej\u00e1rati d\u00e1tumot \u00e9s a h\u00e1toldalon tal\u00e1lhat\u00f3 CVC k\u00f3dot. Felh\u00edvjuk figyelmedet, hogy bankk\u00e1rtya adataid hozz\u00e1nk nem jutnak el.<\/p>\n<p>Ha azonban regisztr\u00e1lsz a Barion rendszerbe, soha t\u00f6bb\u00e9 nem kell beg\u00e9pelned a k\u00e1rtyaadataid egyetlen Barion elfogad\u00f3helyen sem, a fizet\u00e9shez el\u00e9g az e-mail c\u00edmed \u00e9s jelszavad. Ez nem csak k\u00e9nyelmes, de a biztons\u00e1godat is n\u00f6veli!<\/p>\n<p><strong>NINCS BANKK\u00c1RTY\u00c1M, FIZETHETEK \u00c1TUTAL\u00c1SSAL, K\u00c9SZP\u00c9NZZEL?<\/strong><br \/>\nIgen! K\u00e9szp\u00e9nzzel \u00e9s utal\u00e1ssal is:<\/p>\n<p>Ha nincs bankk\u00e1rty\u00e1d, de van banksz\u00e1ml\u00e1d ahonnan tudsz utalni, akkor:<\/p>\n<p>Nyiss egy ingyenes Barion t\u00e1rc\u00e1t.<br \/>\nT\u00f6ltsd fel Barion t\u00e1rc\u00e1dat banki utal\u00e1ssal. Ennek m\u00f3dj\u00e1r\u00f3l itt tal\u00e1lsz r\u00e9szletesebb inform\u00e1ci\u00f3t.<br \/>\nFizess n\u00e1lunk a Barion t\u00e1rc\u00e1ddal.<\/p>\n<p>Ha banksz\u00e1ml\u00e1d sincs, de van k\u00e9szp\u00e9nzed, akkor:<\/p>\n<p>Nyiss egy ingyenes Barion t\u00e1rc\u00e1t.<br \/>\nT\u00f6ltsd fel Barion t\u00e1rc\u00e1dat k\u00e9szp\u00e9nzes befizet\u00e9ssel orsz\u00e1gszerte b\u00e1rmely CIB bankfi\u00f3kban.<br \/>\nFizess n\u00e1lunk a Barion t\u00e1rc\u00e1ddal.<\/p>\n<p><strong>BIZTONS\u00c1GOS A BARION?<\/strong><br \/>\nMaxim\u00e1lisan.<\/p>\n<p>A Barion egy szuperkorszer\u0171 \u00e9s szuperbiztons\u00e1gos, valamint szuperegyszer\u0171 online fizet\u00e9si m\u00f3d.<\/p>\n<p>A Barion fizet\u00e9st a Barion Payment Zrt, mint elektronikus p\u00e9nz kibocs\u00e1t\u00f3 int\u00e9zm\u00e9ny \u00fczemelteti. Az eg\u00e9sz Eur\u00f3pai Uni\u00f3ra \u00e9rv\u00e9nyes MNB enged\u00e9ly sz\u00e1ma H-EN-I-1064\/2013, int\u00e9zm\u00e9nyi azonos\u00edt\u00f3 sz\u00e1ma 25353192.<\/p>\n<p>A Barion rendszere megfelel PCI-DSS, azaz Payment Card Industry Data Security Standards k\u00f6vetelm\u00e9nyeinek!<\/p>\n<p>A Barion rendszere a Symantec \u00e1ltal kibocs\u00e1tott, 2048-bites RSA kulccsal ell\u00e1tott, Class 3 EV (Extended Validation) azaz a bankok weboldalain is haszn\u00e1lttal azonos biztons\u00e1got ny\u00fajt\u00f3 SSL tan\u00fas\u00edtv\u00e1nnyal rendelkezik.<\/p>\n<p>A k\u00e9nyelmes \u00e9s biztons\u00e1gos online fizet\u00e9st a Barion Payment Zrt. biztos\u00edtja.<br \/>\nMNB enged\u00e9ly sz\u00e1ma: H-EN-I-1064\/2013.<\/p>\n","protected":false},"excerpt":{"rendered":"<p>MIT JELENT A BARION? A Barion elektronikus fizet\u00e9seket lebonyol\u00edt\u00f3 szolg\u00e1ltat\u00e1s, amivel k\u00e9nyelmesen \u00e9s biztons\u00e1gosan tudsz bankk\u00e1rty\u00e1val, vagy el\u0151re felt\u00f6lt\u00f6tt egyenleggel fizetni honlapunkon. A szolg\u00e1ltat\u00e1st ny\u00fajt\u00f3 Barion Payment Zrt. a Magyar Nemzeti Bank fel\u00fcgyelete alatt \u00e1ll\u00f3 e-p\u00e9nz kibocs\u00e1t\u00f3, enged\u00e9ly\u00e9nek sz\u00e1ma: H-EN-I-1064\/2013. MIVEL LEHET FIZETNI? Online tudsz fizetni: Bankk\u00e1rty\u00e1val (visa, visa elecron, maestro, mastercard, american express bankk\u00e1rty\u00e1t &hellip; <a href=\"https:\/\/fehervariprogram.hu\/jegy\/fizetesi-tajekoztato\/\" class=\"more-link\"><span class=\"screen-reader-text\">Fizet\u00e9si t\u00e1j\u00e9koztat\u00f3<\/span> r\u00e9szletei&#8230;<\/a><\/p>\n","protected":false},"author":1,"featured_media":0,"parent":0,"menu_order":0,"comment_status":"closed","ping_status":"closed","template":"","meta":{"footnotes":""},"class_list":["post-23","page","type-page","status-publish","hentry"],"_links":{"self":[{"href":"https:\/\/fehervariprogram.hu\/jegy\/wp-json\/wp\/v2\/pages\/23","targetHints":{"allow":["GET"]}}],"collection":[{"href":"https:\/\/fehervariprogram.hu\/jegy\/wp-json\/wp\/v2\/pages"}],"about":[{"href":"https:\/\/fehervariprogram.hu\/jegy\/wp-json\/wp\/v2\/types\/page"}],"author":[{"embeddable":true,"href":"https:\/\/fehervariprogram.hu\/jegy\/wp-json\/wp\/v2\/users\/1"}],"replies":[{"embeddable":true,"href":"https:\/\/fehervariprogram.hu\/jegy\/wp-json\/wp\/v2\/comments?post=23"}],"version-history":[{"count":2,"href":"https:\/\/fehervariprogram.hu\/jegy\/wp-json\/wp\/v2\/pages\/23\/revisions"}],"predecessor-version":[{"id":136,"href":"https:\/\/fehervariprogram.hu\/jegy\/wp-json\/wp\/v2\/pages\/23\/revisions\/136"}],"wp:attachment":[{"href":"https:\/\/fehervariprogram.hu\/jegy\/wp-json\/wp\/v2\/media?parent=23"}],"curies":[{"name":"wp","href":"https:\/\/api.w.org\/{rel}","templated":true}]}}