{"id":2443,"date":"2024-03-22T10:24:46","date_gmt":"2024-03-22T09:24:46","guid":{"rendered":"https:\/\/fehervariprogram.hu\/jegy\/?post_type=product&#038;p=2443"},"modified":"2024-04-08T09:09:14","modified_gmt":"2024-04-08T07:09:14","slug":"hello-tavasz","status":"publish","type":"product","link":"https:\/\/fehervariprogram.hu\/jegy\/rendeles\/hello-tavasz\/","title":{"rendered":"Hell\u00f3, tavasz! \u2013 Anya-l\u00e1nya workshop (2024. \u00e1prilis 6., szombat 9.00) &#8211; Az online jegy\u00e9rt\u00e9kes\u00edt\u00e9s lez\u00e1rult, tov\u00e1bbi jegyek a program kezdete el\u0151tt a helysz\u00ednen v\u00e1lthat\u00f3k."},"content":{"rendered":"<p>Any\u00e1kat \u00e9s l\u00e1nyaikat v\u00e1rja a Sz\u00e9kesfeh\u00e9rv\u00e1ri K\u00f6z\u00f6ss\u00e9gi \u00e9s Kultur\u00e1lis K\u00f6zpont (SZKKK) az \u00d6reghegyi K\u00f6z\u00f6ss\u00e9gi H\u00e1zba a Hell\u00f3, tavasz! programra \u2013 az esem\u00e9ny igazi csajos kikapcsol\u00f3d\u00e1st k\u00edn\u00e1l az \u00e9rkez\u0151 vend\u00e9geknek \u00e1prilis 6-\u00e1n, szombaton d\u00e9lel\u0151tt 9 \u00f3r\u00e1t\u00f3l. St\u00edlus- \u00e9s sminktan\u00e1csad\u00e1s, arctorna, szelfipont, textil nyakl\u00e1nc k\u00e9sz\u00edt\u00e9se \u00e9s limon\u00e1d\u00e9 \u2013 ezek gondoskodnak majd a hangulatr\u00f3l.<br \/>\nHell\u00f3, tavasz! c\u00edmmel anya-l\u00e1nya workshopot hirdet az SZKKK, ahol pihenhetnek, sz\u00e9p\u00fclhetnek \u00e9s hasznos tan\u00e1csokkal lehetnek gazdagabbak a h\u00f6lgyek. Biztos minden h\u00f6lggyel el\u0151fordult m\u00e1r, hogy nem \u00e9rezte j\u00f3l mag\u00e1t egy ruh\u00e1ban, vagy nem tetszett, amit a t\u00fck\u00f6rben l\u00e1tott, ez\u00e9rt P\u00e1ncz\u00e9l Anik\u00f3 st\u00edlustan\u00e1csad\u00e1ssal l\u00e1tja el az \u00e9rkez\u0151 anyuk\u00e1kat \u00e9s l\u00e1nyaikat \u00e1prilis 6-\u00e1n kilenc \u00f3r\u00e1t\u00f3l. Ha m\u00e1r tudj\u00e1k, milyen ruhadarabok vagy sz\u00ednek \u00e1llnak j\u00f3l, r\u00e1t\u00e9rhetnek a sminkel\u00e9sre is, ugyanis f\u00e9l tizenegyt\u0151l Szoll\u00e1r Kacz\u00fa Beatrix sminktan\u00e1csad\u00e1s\u00e1val folytat\u00f3dik a program az \u00d6reghegyen.<br \/>\nEg\u00e9sz d\u00e9lel\u0151tt lehet\u0151s\u00e9g lesz az arctorna kipr\u00f3b\u00e1l\u00e1s\u00e1ra, hogy a b\u0151r sz\u00e9ps\u00e9g\u00e9\u00e9rt, a r\u00e1ncok elt\u0171n\u00e9s\u00e9\u00e9rt tegyenek, esetleg azok kialakul\u00e1s\u00e1t el\u0151zhess\u00e9k meg a jelenl\u00e9v\u0151k. Textil nyakl\u00e1ncot k\u00e9sz\u00edthetnek a kreat\u00edv h\u00f6lgyek, mindemell\u00e9 friss\u00edt\u0151k\u00e9nt pedig limon\u00e1d\u00e9t k\u00edn\u00e1lnak a szervez\u0151k. A tavaszi hangulat, az anya-l\u00e1nya program min\u0151s\u00e9ge garant\u00e1lt. A rendezv\u00e9nyre b\u00e1rmilyen koroszt\u00e1ly\u00fa anya-l\u00e1nya p\u00e1rosokat v\u00e1rnak a szervez\u0151k.<\/p>\n","protected":false},"excerpt":{"rendered":"<p>Helysz\u00edn: \u00d6reghegyi K\u00f6z\u00f6ss\u00e9gi H\u00e1z (8000 Sz\u00e9kesfeh\u00e9rv\u00e1r, Fisk\u00e1lis \u00fat 93.) <a href=\"https:\/\/goo.gl\/maps\/ws3ut5HrW5AEAg8o7\">T\u00e9rk\u00e9p&gt;&gt;<\/a><br \/>\n<a href=\"https:\/\/fehervariprogram.hu\/jegy\/wp-content\/uploads\/2024\/03\/Anya-lanya-jegyvasarlas.pdf\">Jegyv\u00e1s\u00e1rl\u00e1si t\u00e1j\u00e9koztat\u00f3<\/a><\/p>\n","protected":false},"featured_media":2445,"template":"","meta":[],"product_brand":[],"product_cat":[15],"product_tag":[],"class_list":{"0":"post-2443","1":"product","2":"type-product","3":"status-publish","4":"has-post-thumbnail","6":"product_cat-egyeb","8":"first","9":"outofstock","10":"virtual","11":"purchasable","12":"product-type-simple"},"_links":{"self":[{"href":"https:\/\/fehervariprogram.hu\/jegy\/wp-json\/wp\/v2\/product\/2443","targetHints":{"allow":["GET"]}}],"collection":[{"href":"https:\/\/fehervariprogram.hu\/jegy\/wp-json\/wp\/v2\/product"}],"about":[{"href":"https:\/\/fehervariprogram.hu\/jegy\/wp-json\/wp\/v2\/types\/product"}],"wp:featuredmedia":[{"embeddable":true,"href":"https:\/\/fehervariprogram.hu\/jegy\/wp-json\/wp\/v2\/media\/2445"}],"wp:attachment":[{"href":"https:\/\/fehervariprogram.hu\/jegy\/wp-json\/wp\/v2\/media?parent=2443"}],"wp:term":[{"taxonomy":"product_brand","embeddable":true,"href":"https:\/\/fehervariprogram.hu\/jegy\/wp-json\/wp\/v2\/product_brand?post=2443"},{"taxonomy":"product_cat","embeddable":true,"href":"https:\/\/fehervariprogram.hu\/jegy\/wp-json\/wp\/v2\/product_cat?post=2443"},{"taxonomy":"product_tag","embeddable":true,"href":"https:\/\/fehervariprogram.hu\/jegy\/wp-json\/wp\/v2\/product_tag?post=2443"}],"curies":[{"name":"wp","href":"https:\/\/api.w.org\/{rel}","templated":true}]}}