{"id":2913,"date":"2024-10-31T11:02:31","date_gmt":"2024-10-31T10:02:31","guid":{"rendered":"https:\/\/fehervariprogram.hu\/jegy\/?post_type=product&#038;p=2913"},"modified":"2024-11-18T10:04:18","modified_gmt":"2024-11-18T09:04:18","slug":"kiralykuti-kreativ-november-16-szombat-1600","status":"publish","type":"product","link":"https:\/\/fehervariprogram.hu\/jegy\/rendeles\/kiralykuti-kreativ-november-16-szombat-1600\/","title":{"rendered":"[Minden jegy elkelt!] Kir\u00e1lyk\u00fati Kreat\u00edv \u2013 \u00c9lm\u00e9nyfest\u00e9s, dekorfest\u0151 workshop (2024. november 16., szombat 15:00)"},"content":{"rendered":"<p>Dekorfest\u00e9s a Kir\u00e1lyk\u00fati Kreat\u00edvon<\/p>\n<p>A Kir\u00e1lyk\u00fati Kreat\u00edv november 16-i alkalm\u00e1n most a 3D technik\u00e1val k\u00e9sz\u00fcl\u0151 dekorfest\u00e9s\u00e9 lesz a f\u0151szerep. A programsorozat utols\u00f3 \u0151szi workshopj\u00e1n is a kreativit\u00e1sra, sz\u00e9p\u00e9rz\u00e9kre, j\u00f3 k\u00e9pzel\u0151er\u0151re lesz sz\u00fcks\u00e9g, a foglalkoz\u00e1s mell\u00e9 pedig szok\u00e1s szerint nassolnival\u00f3val is k\u00e9sz\u00fclnek a Sz\u00e9kesfeh\u00e9rv\u00e1ri K\u00f6z\u00f6ss\u00e9gi \u00e9s Kultur\u00e1lis K\u00f6zpont (SZKKK) szervez\u0151i.<\/p>\n<p>A n\u00e9pszer\u0171 sorozatban voltak m\u00e1r \u00e9kszerk\u00e9sz\u00edt\u0151 \u00e9s \u0151szi dekor\u00e1ci\u00f3s foglalkoz\u00e1sok, ez\u00fattal pedig \u00e9lm\u00e9nyfest\u00e9s, \u00fagynevezett dekorfest\u0151 workshop lesz a Kir\u00e1lyk\u00fati Kreat\u00edv k\u00f6vetkez\u0151 programj\u00e1n november 16-\u00e1n, szombaton d\u00e9lut\u00e1n h\u00e1rom \u00e9s este h\u00e9t \u00f3ra k\u00f6z\u00f6tt. A helysz\u00edn ez\u00fattal az SZKKK F\u00fcrd\u0151 sori k\u00f6zponti \u00e9p\u00fclete lesz, a Cs\u00f3nak\u00e1z\u00f3-t\u00f3 mellett.<\/p>\n<p>Klein Lisa, a RuszticDekor tulajdonosa tartja a workshopot, ahol struktur\u00e1lt k\u00e9pet k\u00e9sz\u00edtenek a r\u00e9sztvev\u0151k 3D faldekoros technik\u00e1val (kb. 60\u00d780 centim\u00e9teres m\u00e9retben), amelynek alapja farostlemez lesz. Az elk\u00e9sz\u00fclt k\u00e9peket term\u00e9szetesen mindenki hazaviheti, \u00e9s ak\u00e1r aj\u00e1nd\u00e9kba is adhatja, ez\u00e9rt \u00e9rdemes lesz m\u00e1r el\u0151re kigondolni, hol-kin\u00e9l lesz a helye, mert ez alapj\u00e1n v\u00e1laszthat sz\u00edneket az alkot\u00f3. Glettet, falfest\u00e9ket, sz\u00ednez\u0151 \u00e9s effekt-paszt\u00e1kat fognak haszn\u00e1lni a r\u00e9sztvev\u0151k, \u00e9s megtanulj\u00e1k a sz\u00e1razecset technik\u00e1t, valamint a struktur\u00e1lt glettmint\u00e1k k\u00e9sz\u00edt\u00e9s\u00e9t.<\/p>\n<p>A programra 8000 Ft\/f\u0151 \u00e1ron v\u00e1lthat\u00f3 bel\u00e9p\u0151 a fehervariprogram.hu\/jegy oldalon, az \u00e1r tartalmazza az elk\u00e9sz\u00edtett k\u00e9peket \u2013 az ehhez sz\u00fcks\u00e9ges alapanyagot \u00e9s szakmai seg\u00edts\u00e9get \u2013, valamint harapni- \u00e9s innival\u00f3t is, amellyel tead\u00e9lut\u00e1n hangulat\u00fav\u00e1 v\u00e1lhat az esem\u00e9ny.<br \/>\nA rendezv\u00e9ny 6 f\u0151 eset\u00e9n indul, \u00e9s legfeljebb 12 f\u0151t tudnak fogadni a szervez\u0151k.<\/p>\n","protected":false},"excerpt":{"rendered":"<p>Helysz\u00edn: Sz\u00e9kesfeh\u00e9rv\u00e1ri K\u00f6z\u00f6ss\u00e9gi \u00e9s Kultur\u00e1lis K\u00f6zpont (8000 Sz\u00e9kesfeh\u00e9rv\u00e1r, F&uuml;rd\u0151 sor 3.)<br \/>\n<a href=\"https:\/\/maps.app.goo.gl\/rXqAdbwk5sdQ4VwN6\">T\u00e9rk\u00e9p &gt;&gt;<\/a><br \/>\n<a href=\"https:\/\/fehervariprogram.hu\/jegy\/wp-content\/uploads\/2024\/10\/Jegyvasarlasi_tajekoztato_Kiralykuti-Kreativ-november-16..docx\">Jegyv\u00e1s\u00e1rl\u00e1si t\u00e1j\u00e9koztat\u00f3<\/a><\/p>\n","protected":false},"featured_media":2914,"template":"","meta":[],"product_brand":[],"product_cat":[16],"product_tag":[],"class_list":{"0":"post-2913","1":"product","2":"type-product","3":"status-publish","4":"has-post-thumbnail","6":"product_cat-belepojegy","8":"first","9":"outofstock","10":"shipping-taxable","11":"purchasable","12":"product-type-simple"},"_links":{"self":[{"href":"https:\/\/fehervariprogram.hu\/jegy\/wp-json\/wp\/v2\/product\/2913","targetHints":{"allow":["GET"]}}],"collection":[{"href":"https:\/\/fehervariprogram.hu\/jegy\/wp-json\/wp\/v2\/product"}],"about":[{"href":"https:\/\/fehervariprogram.hu\/jegy\/wp-json\/wp\/v2\/types\/product"}],"wp:featuredmedia":[{"embeddable":true,"href":"https:\/\/fehervariprogram.hu\/jegy\/wp-json\/wp\/v2\/media\/2914"}],"wp:attachment":[{"href":"https:\/\/fehervariprogram.hu\/jegy\/wp-json\/wp\/v2\/media?parent=2913"}],"wp:term":[{"taxonomy":"product_brand","embeddable":true,"href":"https:\/\/fehervariprogram.hu\/jegy\/wp-json\/wp\/v2\/product_brand?post=2913"},{"taxonomy":"product_cat","embeddable":true,"href":"https:\/\/fehervariprogram.hu\/jegy\/wp-json\/wp\/v2\/product_cat?post=2913"},{"taxonomy":"product_tag","embeddable":true,"href":"https:\/\/fehervariprogram.hu\/jegy\/wp-json\/wp\/v2\/product_tag?post=2913"}],"curies":[{"name":"wp","href":"https:\/\/api.w.org\/{rel}","templated":true}]}}