{"id":3007,"date":"2024-11-19T08:24:08","date_gmt":"2024-11-19T07:24:08","guid":{"rendered":"https:\/\/fehervariprogram.hu\/jegy\/?post_type=product&#038;p=3007"},"modified":"2024-12-13T09:09:49","modified_gmt":"2024-12-13T08:09:49","slug":"truffel-es-swing-2024-december-14-szombat-1700","status":"publish","type":"product","link":"https:\/\/fehervariprogram.hu\/jegy\/rendeles\/truffel-es-swing-2024-december-14-szombat-1700\/","title":{"rendered":"Tr\u00fcffel \u00e9s swing! (2024. december 14., szombat 17:00)"},"content":{"rendered":"<p><strong>Adventi csillog\u00e1s: Tr\u00fcffel \u00e9s swing<\/strong><\/p>\n<p><strong>Az \u00d6reghegyi K\u00f6z\u00f6ss\u00e9gi H\u00e1zban \u00e9dess\u00e9g \u00e9s muzsikasz\u00f3 teszi teljess\u00e9 az adventi v\u00e1rakoz\u00e1st a Tr\u00fcffel \u00e9s swing esem\u00e9nyen december 14-\u00e9n, szombaton 17 \u00e9s 19 \u00f3ra k\u00f6z\u00f6tt: tr\u00fcffel bonbon k\u00e9sz\u00edt\u00e9s\u00e9vel \u00e9s a Swing Ladies kar\u00e1csonyi m\u0171sor\u00e1val v\u00e1r a Sz\u00e9kesfeh\u00e9rv\u00e1ri K\u00f6z\u00f6ss\u00e9gi \u00e9s Kultur\u00e1lis K\u00f6zpont minden \u00e9dessz\u00e1j\u00fat \u00e9s zenekedvel\u0151t. A rendezv\u00e9nyre a fehervariprogram.hu\/jegy oldalon v\u00e1lthat\u00f3 bel\u00e9p\u0151.<\/strong><\/p>\n<p>Igazi adventi csillog\u00e1ssal tal\u00e1lkozhatnak azok, akik az \u00d6reghegyi K\u00f6z\u00f6ss\u00e9gi H\u00e1zban (Sz\u00e9kesfeh\u00e9rv\u00e1r, Fisk\u00e1lis \u00fat 93.) t\u00f6ltik advent harmadik szombatj\u00e1t, december 14-\u00e9t. D\u00e9lut\u00e1n \u00f6t \u00f3rakor tr\u00fcffel bonbonok k\u00e9sz\u00edt\u00e9s\u00e9vel kezd\u0151dik a program. Az Ursa Maior csapata szerint nem mindegy, hogy milyen csokit haszn\u00e1lnak azok, akik ilyen bonbon k\u00e9sz\u00edt\u00e9s\u00e9be kezdenek, ugyanis csak a magas min\u0151s\u00e9g\u0171 term\u0151ter\u00fcletekr\u0151l sz\u00e1rmaz\u00f3 bontott \u00e9t, tej, feh\u00e9r \u00e9s ruby csokol\u00e1d\u00e9b\u00f3l aj\u00e1nlott dolgozni \u2013 \u0151k is ezt alkalmazz\u00e1k. A folyamat sor\u00e1n megismertetik a r\u00e9sztvev\u0151ket a min\u0151s\u00e9gi alapanyagokkal, k\u00fcl\u00f6nleges f\u0171szerekkel \u00e9s t\u00f6ltel\u00e9kekkel, majd a v\u00e9g\u00e9n nyolc darab \u00ednycsikland\u00f3, gy\u00f6ny\u00f6r\u0171, saj\u00e1t kez\u0171leg k\u00e9sz\u00edtett tr\u00fcffel bonbont vihet haza mindenki \u00fcnnepi csomagol\u00e1sban.<\/p>\n<p>Hat \u00f3rakor a Swing Ladies kar\u00e1csonyi m\u0171sor\u00e1val koron\u00e1zz\u00e1k meg az est\u00e9t a k\u00f6z\u00f6ss\u00e9gi h\u00e1z sz\u00ednh\u00e1zterm\u00e9ben. A koncerten a m\u00falt zenei kincseit hallhatjuk eleg\u00e1ns \u00e9s st\u00edlusos el\u0151ad\u00e1sban, h\u00e1rom gy\u00f6ny\u00f6r\u0171 h\u00f6lgy \u2013 Horv\u00e1th Enik\u0151, Krommer-W\u00e9ber Anita \u00e9s S\u00e1rk\u00f6zi Edina \u2013 tolm\u00e1csol\u00e1s\u00e1ban: m\u0171sorukban a f\u00fcst\u00f6s budapesti b\u00e1rok vil\u00e1ga tal\u00e1lkozik a klasszikus swinggel. A 20-as \u00e9vek Amerik\u00e1j\u00e1nak swing dallamai, az 50-es 60-as \u00e9vek rockabilly n\u00f3t\u00e1i, a modern kori k\u00f6z\u00f6ns\u00e9gkedvenc postmodern jukebox dallamok, valamint a tri\u00f3 2024-es \u00faj\u00edt\u00e1sa, a hazai sikkes, csillog\u00f3 swing korszak k\u00fcl\u00f6nleges magyar mel\u00f3di\u00e1i Kar\u00e1dy Katalint\u00f3l a Group\u2019n\u2019 Swing-ig egyar\u00e1nt megtal\u00e1lhat\u00f3k a reperto\u00e1rjukban.<\/p>\n<p>A december 14-i esem\u00e9nyre 2500 Ft\/f\u0151 \u00e1ron online a www.fehervariprogram.hu\/jegy oldalon, szem\u00e9lyesen pedig az esem\u00e9ny el\u0151tt, a helysz\u00ednen lehet bel\u00e9p\u0151t v\u00e1ltani, amennyiben el\u0151v\u00e9telben nem kel el minden jegy.<\/p>\n","protected":false},"excerpt":{"rendered":"<p>Helysz\u00edn: \u00d6reghegyi K\u00f6z\u00f6ss\u00e9gi H\u00e1z (8000 Sz\u00e9kesfeh\u00e9rv\u00e1r, Fisk\u00e1lis \u00fat 93.)<br \/>\n<a href=\"https:\/\/maps.app.goo.gl\/7ZQsZ3VYk7jdsDVM6\">T\u00e9rk\u00e9p &gt;&gt;<\/a><br \/>\n<a href=\"https:\/\/fehervariprogram.hu\/jegy\/wp-content\/uploads\/2024\/11\/Truffel-es-swing.docx\">Jegyv\u00e1s\u00e1rl\u00e1si t\u00e1j\u00e9koztat\u00f3<\/a><\/p>\n","protected":false},"featured_media":3017,"template":"","meta":[],"product_brand":[],"product_cat":[16],"product_tag":[],"class_list":{"0":"post-3007","1":"product","2":"type-product","3":"status-publish","4":"has-post-thumbnail","6":"product_cat-belepojegy","8":"first","9":"outofstock","10":"virtual","11":"purchasable","12":"product-type-simple"},"_links":{"self":[{"href":"https:\/\/fehervariprogram.hu\/jegy\/wp-json\/wp\/v2\/product\/3007","targetHints":{"allow":["GET"]}}],"collection":[{"href":"https:\/\/fehervariprogram.hu\/jegy\/wp-json\/wp\/v2\/product"}],"about":[{"href":"https:\/\/fehervariprogram.hu\/jegy\/wp-json\/wp\/v2\/types\/product"}],"wp:featuredmedia":[{"embeddable":true,"href":"https:\/\/fehervariprogram.hu\/jegy\/wp-json\/wp\/v2\/media\/3017"}],"wp:attachment":[{"href":"https:\/\/fehervariprogram.hu\/jegy\/wp-json\/wp\/v2\/media?parent=3007"}],"wp:term":[{"taxonomy":"product_brand","embeddable":true,"href":"https:\/\/fehervariprogram.hu\/jegy\/wp-json\/wp\/v2\/product_brand?post=3007"},{"taxonomy":"product_cat","embeddable":true,"href":"https:\/\/fehervariprogram.hu\/jegy\/wp-json\/wp\/v2\/product_cat?post=3007"},{"taxonomy":"product_tag","embeddable":true,"href":"https:\/\/fehervariprogram.hu\/jegy\/wp-json\/wp\/v2\/product_tag?post=3007"}],"curies":[{"name":"wp","href":"https:\/\/api.w.org\/{rel}","templated":true}]}}