{"id":3485,"date":"2025-02-24T09:34:23","date_gmt":"2025-02-24T08:34:23","guid":{"rendered":"https:\/\/fehervariprogram.hu\/jegy\/?post_type=product&#038;p=3485"},"modified":"2025-03-27T12:30:19","modified_gmt":"2025-03-27T11:30:19","slug":"ut-az-everest-alaptaborba-2025-marcius-27-csutortok-1800","status":"publish","type":"product","link":"https:\/\/fehervariprogram.hu\/jegy\/rendeles\/ut-az-everest-alaptaborba-2025-marcius-27-csutortok-1800\/","title":{"rendered":"\u00dat az Everest alapt\u00e1borba  (2025. m\u00e1rcius 27., cs\u00fct\u00f6rt\u00f6k 18:00)"},"content":{"rendered":"<h2>Magashegyi t\u00faravezet\u0151 fot\u00f3ki\u00e1ll\u00edt\u00e1sa<\/h2>\n<p><strong>\u00dat az Everest alapt\u00e1borba c\u00edmmel ny\u00edlik meg Radics Tam\u00e1s t\u00faravezet\u0151 fot\u00f3ki\u00e1ll\u00edt\u00e1sa m\u00e1rcius 27-\u00e9n, cs\u00fct\u00f6rt\u00f6k\u00f6n 18 \u00f3rakor az \u00d6reghegyi K\u00f6z\u00f6ss\u00e9gi H\u00e1zban. Az el\u0151ad\u00e1ssal egybek\u00f6t\u00f6tt ki\u00e1ll\u00edt\u00e1smegnyit\u00f3ra a www.fehervariprogram.hu\/jegy oldalon v\u00e1lthat\u00f3 bel\u00e9p\u0151jegy.<\/strong><\/p>\n<p>Eg\u00e9szen a Mount Everestre vezet\u0151 \u00fat alapt\u00e1bor\u00e1ig utazhatnak k\u00e9pzeletben az \u00e9rdekl\u0151d\u0151k a fot\u00f3k \u00e9s Radics Tam\u00e1s t\u00faravezet\u0151 el\u0151ad\u00e1s\u00e1nak seg\u00edts\u00e9g\u00e9vel. A F\u00f6ld\u00fcnk legmagasabb hegy\u00e9hez vezet\u0151 t\u00f6bbnapos t\u00fara\u00fatvonal a vil\u00e1g egyik legh\u00edresebb exped\u00edci\u00f3ja. Nem egy klasszikus \u00e9rtelemben vett t\u00fara, ink\u00e1bb egyfajta zar\u00e1ndoklat, amely sor\u00e1n a hangs\u00faly t\u00e9nylegesen az \u00faton van: ezen j\u00e1rva ugyanis mindenki m\u00e1st \u00e9l meg, \u00e9les kontrasztjai megoszt\u00f3ak, hat\u00e1sa az \u00fat v\u00e9gezt\u00e9vel er\u0151s\u00f6dik. A hely \u00fagy mag\u00e1val ragad, hogy visszat\u00e9r\u00e9sre k\u00e9szteti az embert.<\/p>\n<p>Radics Tam\u00e1s, azaz \u201eRada\u201d t\u00f6bb mint t\u00edz \u00e9ve magashegyi t\u00far\u00e1zik. V\u00e9gzetts\u00e9ge szerint geol\u00f3gus, idegenvezet\u0151 \u00e9s fotogr\u00e1fus, azonban t\u00f6bb \u00e9ve f\u0151\u00e1ll\u00e1s\u00fa t\u00faravezet\u0151k\u00e9nt dolgozik a vil\u00e1g k\u00fcl\u00f6nb\u00f6z\u0151 magashegyein vagy egzotikus t\u00e1jain. Hivat\u00e1studata mellett fontosnak \u00e9rzi, hogy mes\u00e9ljen utaz\u00e1sokr\u00f3l, exped\u00edci\u00f3kr\u00f3l, term\u00e9szetr\u0151l, az emberr\u0151l \u00e9s az \u00e9lm\u00e9nyekr\u0151l, hogy ezzel is \u00f6szt\u00f6n\u00f6zze hallgat\u00f3s\u00e1g\u00e1t \u00e1lmaik megval\u00f3s\u00edt\u00e1s\u00e1ra.<\/p>\n<p>A vil\u00e1g legmagasabb hegy\u00e9nek alapt\u00e1bor\u00e1ig vezet\u0151 \u00fatr\u00f3l \u00e9s \u00e1llom\u00e1sair\u00f3l k\u00e9sz\u00edtett k\u00e9peket \u00e1ll\u00edtja ki az \u00d6reghegyi K\u00f6z\u00f6ss\u00e9gi H\u00e1zban (Sz\u00e9kesfeh\u00e9rv\u00e1r, Fisk\u00e1lis \u00fat 93.), melynek megnyit\u00f3j\u00e1n el\u0151ad\u00e1ssal hozza k\u00f6zelebb ezt a vil\u00e1got az \u00e9rdekl\u0151d\u0151kh\u00f6z.<\/p>\n<p>Az el\u0151ad\u00e1ssal egybek\u00f6t\u00f6tt ki\u00e1ll\u00edt\u00e1smegnyit\u00f3ra 1000 Ft\/f\u0151 \u00e1ron v\u00e1lthat\u00f3 bel\u00e9p\u0151 a fehervariprogram.hu\/jegy oldalon, szem\u00e9lyesen pedig az esem\u00e9ny el\u0151tt, a helysz\u00ednen lehet jegyet v\u00e1s\u00e1rolni, amennyiben el\u0151v\u00e9telben nem kel el minden jegy.<\/p>\n<p>A ki\u00e1ll\u00edt\u00e1s 2025. \u00e1prilis 25-ig ingyenesen l\u00e1togathat\u00f3 az int\u00e9zm\u00e9ny nyitvatart\u00e1si idej\u00e9ben.<\/p>\n<p>A rendezv\u00e9ny sajt\u00f3nyilv\u00e1nos.<\/p>\n","protected":false},"excerpt":{"rendered":"<p>Helysz\u00edn: \u00d6reghegyi K\u00f6z\u00f6ss\u00e9gi H\u00e1z (8000 Sz\u00e9kesfeh\u00e9rv\u00e1r, Fisk\u00e1lis \u00fat 93.)<br \/>\n<a href=\"https:\/\/maps.app.goo.gl\/7ZQsZ3VYk7jdsDVM6\">T\u00e9rk\u00e9p &gt;&gt;<\/a><br \/>\n<a href=\"https:\/\/fehervariprogram.hu\/jegy\/wp-content\/uploads\/2025\/02\/ut_az_everestre_jegyertekesitesi-tajekoztato-1.docx\">Jegyv\u00e1s\u00e1rl\u00e1si t\u00e1j\u00e9koztat\u00f3<\/a><\/p>\n","protected":false},"featured_media":3490,"template":"","meta":[],"product_brand":[],"product_cat":[16],"product_tag":[],"class_list":{"0":"post-3485","1":"product","2":"type-product","3":"status-publish","4":"has-post-thumbnail","6":"product_cat-belepojegy","8":"first","9":"outofstock","10":"virtual","11":"purchasable","12":"product-type-simple"},"_links":{"self":[{"href":"https:\/\/fehervariprogram.hu\/jegy\/wp-json\/wp\/v2\/product\/3485","targetHints":{"allow":["GET"]}}],"collection":[{"href":"https:\/\/fehervariprogram.hu\/jegy\/wp-json\/wp\/v2\/product"}],"about":[{"href":"https:\/\/fehervariprogram.hu\/jegy\/wp-json\/wp\/v2\/types\/product"}],"wp:featuredmedia":[{"embeddable":true,"href":"https:\/\/fehervariprogram.hu\/jegy\/wp-json\/wp\/v2\/media\/3490"}],"wp:attachment":[{"href":"https:\/\/fehervariprogram.hu\/jegy\/wp-json\/wp\/v2\/media?parent=3485"}],"wp:term":[{"taxonomy":"product_brand","embeddable":true,"href":"https:\/\/fehervariprogram.hu\/jegy\/wp-json\/wp\/v2\/product_brand?post=3485"},{"taxonomy":"product_cat","embeddable":true,"href":"https:\/\/fehervariprogram.hu\/jegy\/wp-json\/wp\/v2\/product_cat?post=3485"},{"taxonomy":"product_tag","embeddable":true,"href":"https:\/\/fehervariprogram.hu\/jegy\/wp-json\/wp\/v2\/product_tag?post=3485"}],"curies":[{"name":"wp","href":"https:\/\/api.w.org\/{rel}","templated":true}]}}