{"id":3707,"date":"2025-04-09T14:01:57","date_gmt":"2025-04-09T12:01:57","guid":{"rendered":"https:\/\/fehervariprogram.hu\/jegy\/?post_type=product&#038;p=3707"},"modified":"2025-05-08T13:35:13","modified_gmt":"2025-05-08T11:35:13","slug":"jazzpentek-helo-2025-majus-9-pentek-1900","status":"publish","type":"product","link":"https:\/\/fehervariprogram.hu\/jegy\/rendeles\/jazzpentek-helo-2025-majus-9-pentek-1900\/","title":{"rendered":"Jazzp\u00e9ntek: HELO (2025. m\u00e1jus 9., p\u00e9ntek 19:00)"},"content":{"rendered":"<h2>Jazzp\u00e9ntek a HELO tri\u00f3val<\/h2>\n<p><strong>Borlai Gerg\u0151, Kaltenecker Zsolt \u00e9s Gudics Martin \u00faj tri\u00f3ja, a HELO l\u00e9p fel a Sz\u00e9kesfeh\u00e9rv\u00e1ri K\u00f6z\u00f6ss\u00e9gi \u00e9s Kultur\u00e1lis K\u00f6zpont (SZKKK) Jazzp\u00e9ntekjeinek sorozat\u00e1ban m\u00e1jus 9-\u00e9n 19 \u00f3rakor az int\u00e9zm\u00e9ny F\u00fcrd\u0151 sori \u00e9p\u00fclet\u00e9ben. Az esem\u00e9nyre a www.fehervariprogram.hu\/jegy oldalon lehet bel\u00e9p\u0151t v\u00e1ltani.<\/strong><\/p>\n<p>Borlai Gerg\u0151 (dob) \u00e9s Kaltenecker Zsolt (billenty\u0171k) 1996 \u00f3ta zen\u00e9lnek egy\u00fctt sz\u00e1mtalan form\u00e1ci\u00f3ban, de minden bizonnyal a Kaltenecker Trio volt a legmeghat\u00e1roz\u00f3bb k\u00f6z\u00f6s form\u00e1ci\u00f3juk olyan kultikus albumokat l\u00e9trehozva, mint az Ivory Tower, The Crossing vagy a Shantansz. Sok-sok \u00e9vnyi sz\u00fcnet ut\u00e1n el\u00e9rkezettnek l\u00e1tt\u00e1k az id\u0151t, hogy \u00fajra k\u00f6z\u00f6sen alkossanak \u2013 a koncepci\u00f3 a legjobb dalaik aktu\u00e1lisabb el\u0151ad\u00e1sm\u00f3dja lett, mind hangszerel\u00e9sben, mind j\u00e1t\u00e9kban. Ehhez a m\u00e1r nemzetk\u00f6zi porondon is ismert zseni\u00e1lis Gudics Martint k\u00e9rt\u00e9k fel basszusgit\u00e1rosnak, akivel val\u00f3ban 21. sz\u00e1zadi megsz\u00f3lal\u00e1st hoztak l\u00e9tre, tudatosan f\u00e9lret\u00e9ve a dalok eredeti hangk\u00e9p\u00e9t. <\/p>\n<p>A koncertre a www.fehervariprogram.hu\/jegy oldalon, szem\u00e9lyesen pedig a koncert el\u0151tt, a helysz\u00ednen lehet bel\u00e9p\u0151t v\u00e1ltani, amennyiben el\u0151v\u00e9telben nem kel el minden jegy.<\/p>\n","protected":false},"excerpt":{"rendered":"<p>Helysz\u00edn: Sz\u00e9kesfeh\u00e9rv\u00e1ri K\u00f6z\u00f6ss\u00e9gi \u00e9s Kultur\u00e1lis K\u00f6zpont (8000 Sz\u00e9kesfeh\u00e9rv\u00e1r, F&uuml;rd\u0151 sor 3.)<br \/>\n<a href=\"https:\/\/maps.app.goo.gl\/rXqAdbwk5sdQ4VwN6\">T\u00e9rk\u00e9p &gt;&gt;<\/a><br \/>\n<a href=\"https:\/\/fehervariprogram.hu\/jegy\/wp-content\/uploads\/2025\/04\/Jegyvasarlasi-tajekoztato_-Jazzpentek-HELO.pdf\">Jegyv\u00e1s\u00e1rl\u00e1si t\u00e1j\u00e9koztat\u00f3<\/a><\/p>\n","protected":false},"featured_media":3714,"template":"","meta":[],"product_brand":[],"product_cat":[16],"product_tag":[],"class_list":{"0":"post-3707","1":"product","2":"type-product","3":"status-publish","4":"has-post-thumbnail","6":"product_cat-belepojegy","8":"first","9":"outofstock","10":"virtual","11":"purchasable","12":"product-type-simple"},"_links":{"self":[{"href":"https:\/\/fehervariprogram.hu\/jegy\/wp-json\/wp\/v2\/product\/3707","targetHints":{"allow":["GET"]}}],"collection":[{"href":"https:\/\/fehervariprogram.hu\/jegy\/wp-json\/wp\/v2\/product"}],"about":[{"href":"https:\/\/fehervariprogram.hu\/jegy\/wp-json\/wp\/v2\/types\/product"}],"wp:featuredmedia":[{"embeddable":true,"href":"https:\/\/fehervariprogram.hu\/jegy\/wp-json\/wp\/v2\/media\/3714"}],"wp:attachment":[{"href":"https:\/\/fehervariprogram.hu\/jegy\/wp-json\/wp\/v2\/media?parent=3707"}],"wp:term":[{"taxonomy":"product_brand","embeddable":true,"href":"https:\/\/fehervariprogram.hu\/jegy\/wp-json\/wp\/v2\/product_brand?post=3707"},{"taxonomy":"product_cat","embeddable":true,"href":"https:\/\/fehervariprogram.hu\/jegy\/wp-json\/wp\/v2\/product_cat?post=3707"},{"taxonomy":"product_tag","embeddable":true,"href":"https:\/\/fehervariprogram.hu\/jegy\/wp-json\/wp\/v2\/product_tag?post=3707"}],"curies":[{"name":"wp","href":"https:\/\/api.w.org\/{rel}","templated":true}]}}