{"id":3719,"date":"2025-04-11T12:58:39","date_gmt":"2025-04-11T10:58:39","guid":{"rendered":"https:\/\/fehervariprogram.hu\/jegy\/?post_type=product&#038;p=3719"},"modified":"2025-04-28T11:47:44","modified_gmt":"2025-04-28T09:47:44","slug":"george-gershwin-1251-2025-majus-2-pentek-19-00","status":"publish","type":"product","link":"https:\/\/fehervariprogram.hu\/jegy\/rendeles\/george-gershwin-1251-2025-majus-2-pentek-19-00\/","title":{"rendered":"George Gershwin 125+1 (2025. m\u00e1jus 2., p\u00e9ntek 19.00)"},"content":{"rendered":"<h2>George Gershwin b\u0171v\u00f6let\u00e9ben<\/h2>\n<p><strong>A szimfonikus jazz megteremt\u0151jek\u00e9nt ismert George Gershwin darabjaib\u00f3l v\u00e1logat a Budapest Jazz Orchestra \u00e9s Urb\u00e1n Orsi a George Gershwin 125&#8217;+1 c\u00edm\u0171 esten, amelynek m\u00e1jus 2-\u00e1n, p\u00e9nteken 19 \u00f3r\u00e1t\u00f3l lehet r\u00e9szese a k\u00f6z\u00f6ns\u00e9g a K\u00f6z\u00f6ss\u00e9gi K\u00f6zpont \u2013 Feketehegy-Sz\u00e1razr\u00e9ti Kult\u00farudvarban. Az el\u0151ad\u00e1sra a www.fehervariprogram.hu\/jegy oldalon lehet bel\u00e9p\u0151t v\u00e1ltani.<\/strong><\/p>\n<p>George Gershwin (1898\u20131937) egyike a 20. sz\u00e1zad jelent\u0151s zeneszerz\u0151 egy\u00e9nis\u00e9geinek \u2013 az amerikai folkl\u00f3rb\u00f3l is \u00e9p\u00edtkez\u0151 kompoz\u00edci\u00f3i a sz\u00f3rakoztat\u00f3 zene, a dzsessz \u00e9s a komolyzene m\u0171fajain \u00edvelnek \u00e1t. A Budapest Jazz Orchestra az \u0151 darabjaib\u00f3l v\u00e1logat a m\u00e1jus 2-i esten.<\/p>\n<p>Az 1998-ban megalakult Budapest Jazz Orchestra Magyarorsz\u00e1g els\u0151 professzion\u00e1lis, folyamatosan m\u0171k\u00f6d\u0151 17 f\u0151s big bandje. A zenekar dinamikus fejl\u0151d\u00e9se sor\u00e1n m\u00e1ra a kort\u00e1rs zene \u00e9s a jazz zene vil\u00e1gszinten is elismert reprezent\u00e1l\u00f3j\u00e1v\u00e1 n\u0151tte ki mag\u00e1t. A 26 \u00e9ves egy\u00fcttest 2024 \u00e9s 2025-ben Kossuth-d\u00edjra jel\u00f6lt\u00e9k. Vezet\u0151je Kollmann G\u00e1bor szaxofonm\u0171v\u00e9sz, a Magyar Jazz Sz\u00f6vets\u00e9g aleln\u00f6ke, aki 2010\u20132014 k\u00f6z\u00f6tt tagja volt a James Morrison \u00e1ltal vezetett Schagerl All Stars Big Bandnek. Vezet\u00e9s\u00e9vel a Budapest Jazz Orchestra sz\u00e1mos sikeres \u00e9vet tudhat maga m\u00f6g\u00f6tt. A koncerten k\u00f6zrem\u0171k\u00f6dik a kiv\u00e1l\u00f3, b\u00e1rsonyos hang\u00fa jazz \u00e9nekesn\u0151, Urb\u00e1n Orsi, aki a t\u0151le megszokott k\u00f6nnyeds\u00e9ggel, b\u00e1jjal adja el\u0151 George Gershwin legismertebb dalait.<\/p>\n<p>Az estre online a www.fehervariprogram.hu\/jegy oldalon, szem\u00e9lyesen pedig el\u0151ad\u00e1s el\u0151tt, a helysz\u00ednen v\u00e1lthat\u00f3 bel\u00e9p\u0151. Amennyiben el\u0151v\u00e9telben minden jegy elkelt, a helysz\u00ednen m\u00e1r nincs lehet\u0151s\u00e9g jegyv\u00e1s\u00e1rl\u00e1sra.<\/p>\n","protected":false},"excerpt":{"rendered":"<p>Helysz\u00edn: Sz\u00e1razr\u00e9ti K\u00f6z\u00f6ss\u00e9gi H\u00e1z (8000 Sz\u00e9kesfeh\u00e9rv\u00e1r, Farkasvermi u. 2.)<br \/>\n<a href=\"https:\/\/maps.app.goo.gl\/69WazKLCytTSS7DW7\">T\u00e9rk\u00e9p &gt;&gt;<\/a><br \/>\n<a href=\"https:\/\/fehervariprogram.hu\/jegy\/wp-content\/uploads\/2025\/04\/Jegyvasarlasi_tajekoztato_majus-2..docx.pdf\">Jegyv\u00e1s\u00e1rl\u00e1si t\u00e1j\u00e9koztat\u00f3<\/a><\/p>\n","protected":false},"featured_media":3741,"template":"","meta":[],"product_brand":[],"product_cat":[16],"product_tag":[],"class_list":{"0":"post-3719","1":"product","2":"type-product","3":"status-publish","4":"has-post-thumbnail","6":"product_cat-belepojegy","8":"first","9":"outofstock","10":"virtual","11":"purchasable","12":"product-type-simple"},"_links":{"self":[{"href":"https:\/\/fehervariprogram.hu\/jegy\/wp-json\/wp\/v2\/product\/3719","targetHints":{"allow":["GET"]}}],"collection":[{"href":"https:\/\/fehervariprogram.hu\/jegy\/wp-json\/wp\/v2\/product"}],"about":[{"href":"https:\/\/fehervariprogram.hu\/jegy\/wp-json\/wp\/v2\/types\/product"}],"wp:featuredmedia":[{"embeddable":true,"href":"https:\/\/fehervariprogram.hu\/jegy\/wp-json\/wp\/v2\/media\/3741"}],"wp:attachment":[{"href":"https:\/\/fehervariprogram.hu\/jegy\/wp-json\/wp\/v2\/media?parent=3719"}],"wp:term":[{"taxonomy":"product_brand","embeddable":true,"href":"https:\/\/fehervariprogram.hu\/jegy\/wp-json\/wp\/v2\/product_brand?post=3719"},{"taxonomy":"product_cat","embeddable":true,"href":"https:\/\/fehervariprogram.hu\/jegy\/wp-json\/wp\/v2\/product_cat?post=3719"},{"taxonomy":"product_tag","embeddable":true,"href":"https:\/\/fehervariprogram.hu\/jegy\/wp-json\/wp\/v2\/product_tag?post=3719"}],"curies":[{"name":"wp","href":"https:\/\/api.w.org\/{rel}","templated":true}]}}