{"id":3851,"date":"2025-05-07T10:28:53","date_gmt":"2025-05-07T08:28:53","guid":{"rendered":"https:\/\/fehervariprogram.hu\/jegy\/?post_type=product&#038;p=3851"},"modified":"2025-05-24T15:13:39","modified_gmt":"2025-05-24T13:13:39","slug":"kamilka-es-a-pesti-sikk-2025-majus-24-szombat-1800","status":"publish","type":"product","link":"https:\/\/fehervariprogram.hu\/jegy\/rendeles\/kamilka-es-a-pesti-sikk-2025-majus-24-szombat-1800\/","title":{"rendered":"Kamilka \u00e9s a Pesti Sikk (2025. m\u00e1jus 24., szombat 18:00)"},"content":{"rendered":"<h2>Hollywood-i csillog\u00e1s \u00e9s hazai swing \u00d6reghegyen<\/h2>\n<p><strong>Kamilka \u00e9s a Pesti Sikk koncertj\u00e9vel alapozza a kora ny\u00e1ri hangulatot a Sz\u00e9kesfeh\u00e9rv\u00e1ri K\u00f6z\u00f6ss\u00e9gi \u00e9s Kultur\u00e1lis K\u00f6zpont 2025. m\u00e1jus 24-\u00e9n, szombaton 18 \u00f3r\u00e1t\u00f3l az \u00d6reghegyi K\u00f6z\u00f6ss\u00e9gi H\u00e1zban. A 2500 Ft-os bel\u00e9p\u0151 m\u00e1r el\u00e9rhet\u0151 a www.fehervariprogram.hu\/jegy oldalon.<\/strong><\/p>\n<p>A Kamilka \u00e9s a Pesti Sikk zenekar m\u0171sora a hollywoodi zen\u00e9s filmek t\u00fcnd\u00f6kl\u0151 vil\u00e1g\u00e1t \u00e9s a hazai swing korszak eleganci\u00e1j\u00e1t id\u00e9zi meg az \u00d6reghegyi K\u00f6z\u00f6ss\u00e9gi H\u00e1zban m\u00e1jus 24-\u00e9n, szombaton este hat \u00f3rakor.<\/p>\n<p>A form\u00e1ci\u00f3 a m\u00falt sz\u00e1zad els\u0151 fel\u00e9nek hangulat\u00e1t kelti \u00e9letre egyedi feldolgoz\u00e1sokkal, modern hangszerel\u00e9ssel \u00e9s st\u00edlusos el\u0151ad\u00e1sm\u00f3ddal. A koncert igazi \u00e9lm\u00e9nyt ny\u00fajt mindazok sz\u00e1m\u00e1ra, akik kedvelik a swing zen\u00e9t \u00e9s a m\u00falt sz\u00e1zadi hangulatot. Az esem\u00e9ny k\u00fcl\u00f6nleges lehet\u0151s\u00e9get k\u00edn\u00e1l arra, hogy a k\u00f6z\u00f6ns\u00e9g egy est\u00e9re visszarep\u00fclj\u00f6n a klasszikus zenei korszakok vil\u00e1g\u00e1ba, mik\u00f6zben a zenekar lend\u00fcletesen id\u00e9zi meg a m\u0171faj ikonikus dallamait.<\/p>\n<p>A zenekar nagy r\u00e9sze sz\u00e9kesfeh\u00e9rv\u00e1ri k\u00f6t\u0151d\u00e9s\u0171: Cs\u00f3ka P\u00e9ter git\u00e1ros, Potesz Bal\u00e1zs dobos, valamint L\u0151rincz \u00c1d\u00e1m zenekarvezet\u0151.<br \/>\nA koncertre 2500 Ft\/f\u0151 \u00e1ron v\u00e1lthat\u00f3 bel\u00e9p\u0151 a fehervariprogram.hu\/jegy oldalon. Amennyiben nem kel el minden jegy el\u0151v\u00e9telben, a koncert napj\u00e1n a helysz\u00ednen is lehet\u0151s\u00e9g lesz bel\u00e9p\u0151t v\u00e1ltani.<\/p>\n","protected":false},"excerpt":{"rendered":"<p>Helysz\u00edn: \u00d6reghegyi K\u00f6z\u00f6ss\u00e9gi H\u00e1z (8000 Sz\u00e9kesfeh\u00e9rv\u00e1r, Fisk\u00e1lis \u00fat 93.)<br \/>\n<a href=\"https:\/\/maps.app.goo.gl\/7ZQsZ3VYk7jdsDVM6\">T\u00e9rk\u00e9p &gt;&gt;<\/a><br \/>\n<a href=\"https:\/\/fehervariprogram.hu\/jegy\/wp-content\/uploads\/2025\/05\/jegyertekesitesi-tajekoztato.docx-1.pdf\">Jegyv\u00e1s\u00e1rl\u00e1si t\u00e1j\u00e9koztat\u00f3<\/a><\/p>\n","protected":false},"featured_media":3852,"template":"","meta":[],"product_brand":[],"product_cat":[16],"product_tag":[],"class_list":{"0":"post-3851","1":"product","2":"type-product","3":"status-publish","4":"has-post-thumbnail","6":"product_cat-belepojegy","8":"first","9":"instock","10":"virtual","11":"purchasable","12":"product-type-simple"},"_links":{"self":[{"href":"https:\/\/fehervariprogram.hu\/jegy\/wp-json\/wp\/v2\/product\/3851","targetHints":{"allow":["GET"]}}],"collection":[{"href":"https:\/\/fehervariprogram.hu\/jegy\/wp-json\/wp\/v2\/product"}],"about":[{"href":"https:\/\/fehervariprogram.hu\/jegy\/wp-json\/wp\/v2\/types\/product"}],"wp:featuredmedia":[{"embeddable":true,"href":"https:\/\/fehervariprogram.hu\/jegy\/wp-json\/wp\/v2\/media\/3852"}],"wp:attachment":[{"href":"https:\/\/fehervariprogram.hu\/jegy\/wp-json\/wp\/v2\/media?parent=3851"}],"wp:term":[{"taxonomy":"product_brand","embeddable":true,"href":"https:\/\/fehervariprogram.hu\/jegy\/wp-json\/wp\/v2\/product_brand?post=3851"},{"taxonomy":"product_cat","embeddable":true,"href":"https:\/\/fehervariprogram.hu\/jegy\/wp-json\/wp\/v2\/product_cat?post=3851"},{"taxonomy":"product_tag","embeddable":true,"href":"https:\/\/fehervariprogram.hu\/jegy\/wp-json\/wp\/v2\/product_tag?post=3851"}],"curies":[{"name":"wp","href":"https:\/\/api.w.org\/{rel}","templated":true}]}}