{"id":420,"date":"2022-06-08T10:53:45","date_gmt":"2022-06-08T08:53:45","guid":{"rendered":"https:\/\/fehervariprogram.hu\/jegy\/?post_type=product&#038;p=420"},"modified":"2023-02-07T01:45:39","modified_gmt":"2023-02-07T00:45:39","slug":"szerelem-oh","status":"publish","type":"product","link":"https:\/\/fehervariprogram.hu\/jegy\/rendeles\/szerelem-oh\/","title":{"rendered":"Szerelem, \u00f3h! (2022. j\u00falius 2., szombat 19 \u00f3ra)"},"content":{"rendered":"<p><strong>Az el\u0151ad\u00e1s kedvezm\u00e9nyes jegy\u00e1ra a D\u00e9ryn\u00e9 Program hozz\u00e1j\u00e1rul\u00e1s\u00e1nak k\u00f6sz\u00f6nhet\u0151.<\/strong><\/p>\n<p><b>Ny\u00e1ri sz\u00ednh\u00e1zba h\u00edvja a k\u00f6z\u00f6ns\u00e9get a K\u00f6z\u00f6ss\u00e9gi K\u00f6zpont \u2013 Feketehegy-Sz\u00e1razr\u00e9ti Kult\u00farudvar szabadt\u00e9ri sz\u00ednpada: a <\/b><b><i>Szerelem, \u00f3h!<\/i><\/b><b> c\u00edm\u0171 szatirikus boh\u00f3zatot l\u00e1thatj\u00e1k a n\u00e9z\u0151k j\u00falius 2-\u00e1n, szombaton 19 \u00f3rai kezdettel a G\u00f3zon Gyula Kamarasz\u00ednh\u00e1z el\u0151ad\u00e1s\u00e1ban. A bemutat\u00e1sa \u00f3ta rendk\u00edv\u00fcl n\u00e9pszer\u0171 darab a D\u00e9ryn\u00e9 Program keret\u00e9ben \u00e9rkezik Sz\u00e1razr\u00e9tre, a program t\u00e1mogat\u00e1s\u00e1nak k\u00f6sz\u00f6nhet\u0151en az el\u0151ad\u00e1sra jelk\u00e9pes \u00e1ron, 200 forint\u00e9rt v\u00e1lthatnak jegyet az \u00e9rdekl\u0151d\u0151k.<\/b><\/p>\n<p>Az Oscar-jel\u00f6lt Murray Schisgal amerikai \u00edr\u00f3 \u00e9s producer komikus v\u00edgj\u00e1t\u00e9ka, a <i>Szerelem, \u00f3h!<\/i> 1965-ben deb\u00fct\u00e1lt a New York-i Broadwayn. M\u00e9g abban az \u00e9vben Tony-d\u00edjra is jel\u00f6lt\u00e9k, \u00e9s b\u00e1r a szobrocsk\u00e1t v\u00e9g\u00fcl nem nyerte el, a k\u00e9tfelvon\u00e1sos boh\u00f3zat az\u00f3ta is vil\u00e1gszerte nagy n\u00e9pszer\u0171s\u00e9gnek \u00f6rvend. Itthon is sz\u00e1mos sz\u00ednh\u00e1zban, t\u00f6bbek k\u00f6z\u00f6tt a V\u00f6r\u00f6smarty Sz\u00ednh\u00e1zban is bemutatt\u00e1k. A K\u00f6z\u00f6ss\u00e9gi K\u00f6zpont \u2013 Feketehegy-Sz\u00e1razr\u00e9ti Kult\u00farudvar szabadt\u00e9ri sz\u00ednpad\u00e1n a G\u00f3zon Gyula Kamarasz\u00ednh\u00e1z Tasn\u00e1di Csaba rendezte el\u0151ad\u00e1s\u00e1t l\u00e1thatja a k\u00f6z\u00f6ns\u00e9g j\u00falius els\u0151 szombatj\u00e1n, este h\u00e9t \u00f3rakor.<\/p>\n<p>A t\u00f6rt\u00e9net k\u00f6z\u00e9ppontj\u00e1ban k\u00e9t egykori iskolat\u00e1rs, Milt (T\u0171zk\u0151 S\u00e1ndor) \u00e9s Harry (Stubnya B\u00e9la) \u00e1ll, akik tizen\u00f6t \u00e9v ut\u00e1n tal\u00e1lkoznak \u00fajra. Ahogy az m\u00e1r lenni szokott, egyik\u00fck \u2013 jelen esetben Milt \u2013 mindent el\u00e9rt az \u00e9letben, m\u00edg a m\u00e1sikuk, Harry \u00e9pp a foly\u00f3ba k\u00e9sz\u00fcl ugrani, hogy v\u00e9get vessen sikertelen \u00e9let\u00e9nek. Bar\u00e1tja ekkor, hogy a helyzetet mentse, egy teljesen abszurd \u00f6tlettel \u00e1ll el\u0151: felaj\u00e1nlja saj\u00e1t feles\u00e9g\u00e9t Harrynek, hogy a f\u00e9rfi megtapasztalhassa, a szerelem az, ami\u00e9rt \u00e9rdemes \u00e9lni. Ehhez term\u00e9szetesen a feles\u00e9gnek, Ellennek (Nagyv\u00e1radi Erzs\u00e9bet) is lesz egy-k\u00e9t szava, ami a szatirikus helyzetek sor\u00e1t vonzza maga ut\u00e1n. S hogy ez mennyire \u00edgy van, arra a legjobb p\u00e9lda, hogy a n\u0151 szinte azonnal megh\u00f3d\u00edtja Harryt, teljesen \u00e1t\u00edrva ezzel az \u00e9let \u2013 \u00e9s legf\u0151k\u00e9ppen Milt \u2013 sz\u00e9pen elrendezett forgat\u00f3k\u00f6nyv\u00e9t.<\/p>\n<p>Az Orsz\u00e1gj\u00e1r\u00f3 alprogramban sz\u00ednh\u00e1zi produkci\u00f3k orsz\u00e1gos utaztat\u00e1s\u00e1t v\u00e9gzi a k\u00e9t \u00e9ve indult D\u00e9ryn\u00e9 Program \u2013 ennek keret\u00e9ben \u00e9rkezik a <i>Szerelem, \u00f3h!<\/i> c\u00edm\u0171 el\u0151ad\u00e1s a sz\u00e1razr\u00e9ti szabadt\u00e9ri sz\u00ednpadra. A D\u00e9ryn\u00e9 Program t\u00e1mogat\u00e1s\u00e1nak k\u00f6sz\u00f6nhet\u0151en a darabra jelk\u00e9pes \u00e1ron, 200 forint\u00e9rt v\u00e1s\u00e1rolhatnak bel\u00e9p\u0151t az \u00e9rdekl\u0151d\u0151k. Jegyek online m\u00e1r v\u00e1lthat\u00f3k a www.fehervariprogram.hu\/jegy oldalon, szem\u00e9lyesen pedig a Sz\u00e9kesfeh\u00e9rv\u00e1ri K\u00f6z\u00f6ss\u00e9gi \u00e9s Kultur\u00e1lis K\u00f6zpont F\u00fcrd\u0151 sori \u00e9p\u00fclet\u00e9ben \u00e9s el\u0151ad\u00e1s el\u0151tt a helysz\u00ednen.<\/p>\n","protected":false},"excerpt":{"rendered":"<h4>MINDEN JEGY ELKELT!<\/h4>\n<h6>Helysz\u00edn:<br \/>\nK\u00f6z\u00f6ss\u00e9gi K\u00f6zpont \u2013<br \/>\nFeketehegy-Sz\u00e1razr\u00e9ti Kult\u00farudvar<br \/>\n(8000 Sz\u00e9kesfeh\u00e9rv\u00e1r,<br \/>\nFarkasvermi \u00fat 2.)<\/h6>\n<p><strong>Az el\u0151ad\u00e1s kedvezm\u00e9nyes jegy\u00e1ra a D\u00e9ryn\u00e9 Program hozz\u00e1j\u00e1rul\u00e1s\u00e1nak k\u00f6sz\u00f6nhet\u0151.<\/strong><\/p>\n[img 324 align=\"center\" size=\"full\" \/]\n","protected":false},"featured_media":421,"template":"","meta":[],"product_brand":[],"product_cat":[18],"product_tag":[],"class_list":{"0":"post-420","1":"product","2":"type-product","3":"status-publish","4":"has-post-thumbnail","6":"product_cat-deryne-program","8":"first","9":"outofstock","10":"virtual","11":"purchasable","12":"product-type-simple"},"_links":{"self":[{"href":"https:\/\/fehervariprogram.hu\/jegy\/wp-json\/wp\/v2\/product\/420","targetHints":{"allow":["GET"]}}],"collection":[{"href":"https:\/\/fehervariprogram.hu\/jegy\/wp-json\/wp\/v2\/product"}],"about":[{"href":"https:\/\/fehervariprogram.hu\/jegy\/wp-json\/wp\/v2\/types\/product"}],"wp:featuredmedia":[{"embeddable":true,"href":"https:\/\/fehervariprogram.hu\/jegy\/wp-json\/wp\/v2\/media\/421"}],"wp:attachment":[{"href":"https:\/\/fehervariprogram.hu\/jegy\/wp-json\/wp\/v2\/media?parent=420"}],"wp:term":[{"taxonomy":"product_brand","embeddable":true,"href":"https:\/\/fehervariprogram.hu\/jegy\/wp-json\/wp\/v2\/product_brand?post=420"},{"taxonomy":"product_cat","embeddable":true,"href":"https:\/\/fehervariprogram.hu\/jegy\/wp-json\/wp\/v2\/product_cat?post=420"},{"taxonomy":"product_tag","embeddable":true,"href":"https:\/\/fehervariprogram.hu\/jegy\/wp-json\/wp\/v2\/product_tag?post=420"}],"curies":[{"name":"wp","href":"https:\/\/api.w.org\/{rel}","templated":true}]}}