{"id":4444,"date":"2025-11-24T10:22:42","date_gmt":"2025-11-24T09:22:42","guid":{"rendered":"https:\/\/fehervariprogram.hu\/jegy\/?post_type=product&#038;p=4444"},"modified":"2025-12-24T09:35:32","modified_gmt":"2025-12-24T08:35:32","slug":"horanyi-juli-es-horvath-mark-karacsonyi-musora-2025-december-23-kedd-18-00","status":"publish","type":"product","link":"https:\/\/fehervariprogram.hu\/jegy\/rendeles\/horanyi-juli-es-horvath-mark-karacsonyi-musora-2025-december-23-kedd-18-00\/","title":{"rendered":"Hor\u00e1nyi Juli \u00e9s Horv\u00e1th M\u00e1rk kar\u00e1csonyi m\u0171sora (2025. december 23., kedd, 18.00)"},"content":{"rendered":"<h2>\ud83c\udf84 F\u00c9NYBEN \u00daSZ\u00d3 DALLAMOK \u2013 Hor\u00e1nyi Juli \u00e9s Horv\u00e1th M\u00e1rk \u00fcnnepi koncertje \u2728<\/h2>\n<p>Az ismert \u00e9nekesn\u0151 k\u00fcl\u00f6nleges, kar\u00e1csonyi m\u0171sor\u00e1ban meghitt \u00fcnnepi dallamok, magyar \u00e9s nemzetk\u00f6zi klasszikusok csend\u00fclnek fel \u2013 modern, m\u00e9gis l\u00e9lekmelenget\u0151 k\u00f6nt\u00f6sben. Egy est\u00e9re f\u00e9nybe borulnak a j\u00f3l ismert kar\u00e1csonyi sl\u00e1gerek \u00e9s izgalmas \u00e1tdolgoz\u00e1sok, amelyekkel Hor\u00e1nyi Juli \u00e9s Horv\u00e1th M\u00e1rk igazi adventi var\u00e1zst teremtenek.<\/p>\n<p>\ud83c\udfb6 A koncert hangulata egyszerre bens\u0151s\u00e9ges \u00e9s felemel\u0151, t\u00f6k\u00e9letes r\u00e1hangol\u00f3d\u00e1s a kar\u00e1csonyra \u2013 azoknak, akik szeretik az eleg\u00e1ns, finoman meg\u00faj\u00edtott \u00fcnnepi dallamokat.<\/p>\n<p>\ud83d\udcc5 <strong>Id\u0151pont:<\/strong> 2025. december 23., kedd 18.00<br \/>\n\ud83d\udccd <strong>Helysz\u00edn:<\/strong> Sz\u00e9kesfeh\u00e9rv\u00e1ri K\u00f6z\u00f6ss\u00e9gi \u00e9s Kultur\u00e1lis K\u00f6zpont<br \/>\nSz\u00e9kesfeh\u00e9rv\u00e1r, F\u00fcrd\u0151 sor 3.<\/p>\n<p>\ud83d\udcb3 <strong>Bel\u00e9p\u0151:<\/strong> 2000 Ft<br \/>\n\ud83c\udfab <strong>Jegyv\u00e1s\u00e1rl\u00e1s:<\/strong> www.fehervariprogram.hu\/jegy<\/p>\n<p>Hangol\u00f3dj a kar\u00e1csonyra Juli var\u00e1zslatos hangj\u00e1val \u00e9s M\u00e1rk finom git\u00e1rj\u00e1t\u00e9k\u00e1val \u2013 tal\u00e1lkozzunk egy l\u00e9lekmelenget\u0151 \u00fcnnepi est\u00e9n! \u2728<\/p>\n","protected":false},"excerpt":{"rendered":"<p>Az online \u00e9rt\u00e9kes\u00edt\u00e9s lez\u00e1rult, tov\u00e1bbi jegyek a rendezv\u00e9ny el\u0151tt, a helysz\u00ednen v\u00e1lthat\u00f3k.<\/p>\n<p>Helysz\u00edn: Sz\u00e9kesfeh\u00e9rv\u00e1ri K\u00f6z\u00f6ss\u00e9gi \u00e9s Kultur\u00e1lis K\u00f6zpont (8000 Sz\u00e9kesfeh\u00e9rv\u00e1r, F\u00fcrd\u0151 sor 3.)<br \/>\n<a href=\"https:\/\/maps.app.goo.gl\/rXqAdbwk5sdQ4VwN6\">T\u00e9rk\u00e9p &gt;&gt;<\/a><br \/>\n<a href=\"https:\/\/fehervariprogram.hu\/jegy\/wp-content\/uploads\/2025\/11\/MODOSITVA-Jegyvasarlasi-tajekoztato_-Fenyben-uszo-dallamok.docx.pdf\">Jegyv\u00e1s\u00e1rl\u00e1si t\u00e1j\u00e9koztat\u00f3<\/a><\/p>\n","protected":false},"featured_media":4479,"template":"","meta":[],"product_brand":[],"product_cat":[16],"product_tag":[],"class_list":{"0":"post-4444","1":"product","2":"type-product","3":"status-publish","4":"has-post-thumbnail","6":"product_cat-belepojegy","8":"first","9":"outofstock","10":"shipping-taxable","11":"purchasable","12":"product-type-simple"},"_links":{"self":[{"href":"https:\/\/fehervariprogram.hu\/jegy\/wp-json\/wp\/v2\/product\/4444","targetHints":{"allow":["GET"]}}],"collection":[{"href":"https:\/\/fehervariprogram.hu\/jegy\/wp-json\/wp\/v2\/product"}],"about":[{"href":"https:\/\/fehervariprogram.hu\/jegy\/wp-json\/wp\/v2\/types\/product"}],"wp:featuredmedia":[{"embeddable":true,"href":"https:\/\/fehervariprogram.hu\/jegy\/wp-json\/wp\/v2\/media\/4479"}],"wp:attachment":[{"href":"https:\/\/fehervariprogram.hu\/jegy\/wp-json\/wp\/v2\/media?parent=4444"}],"wp:term":[{"taxonomy":"product_brand","embeddable":true,"href":"https:\/\/fehervariprogram.hu\/jegy\/wp-json\/wp\/v2\/product_brand?post=4444"},{"taxonomy":"product_cat","embeddable":true,"href":"https:\/\/fehervariprogram.hu\/jegy\/wp-json\/wp\/v2\/product_cat?post=4444"},{"taxonomy":"product_tag","embeddable":true,"href":"https:\/\/fehervariprogram.hu\/jegy\/wp-json\/wp\/v2\/product_tag?post=4444"}],"curies":[{"name":"wp","href":"https:\/\/api.w.org\/{rel}","templated":true}]}}