{"id":4471,"date":"2025-11-28T10:17:39","date_gmt":"2025-11-28T09:17:39","guid":{"rendered":"https:\/\/fehervariprogram.hu\/jegy\/?post_type=product&#038;p=4471"},"modified":"2025-12-20T18:00:40","modified_gmt":"2025-12-20T17:00:40","slug":"boggie-christmas-koncert-2025-december-20-szombat-18-00","status":"publish","type":"product","link":"https:\/\/fehervariprogram.hu\/jegy\/rendeles\/boggie-christmas-koncert-2025-december-20-szombat-18-00\/","title":{"rendered":"Boggie Christmas koncert (2025. december 20., szombat 18.00)"},"content":{"rendered":"<h2>Boggie Christmas koncert \u2013 \u00dcnnepi var\u00e1zslat az \u00d6reghegyen!<\/h2>\n<p>Csatlakozz hozz\u00e1nk egy k\u00fcl\u00f6nleges \u00e9s meghitt kar\u00e1csonyi koncert\u00e9lm\u00e9nyre, ahol <strong>Boggie<\/strong>, az egyedi \u00e9s kifinomult dalszerz\u0151-\u00e9nekesn\u0151 a klasszikus zene, a pop \u00e9s a francia sanzon hangulat\u00e1t \u00f6tv\u00f6zi \u00fcnnepi k\u00f6nt\u00f6sbe \u00f6lt\u00f6ztetett m\u0171sor\u00e1val.\ud83c\udfb6<\/p>\n<p>A <strong>kar\u00e1csonyi koncert<\/strong> k\u00fcl\u00f6nleges hangulatot \u00edg\u00e9r: a legismertebb \u00fcnnepi dallamok mellett kar\u00e1csonyi feldolgoz\u00e1sok \u00e9s szeretett Boggie-dalok \u00fcnnepi v\u00e1ltozatai is felcsend\u00fclnek. Az \u00e9nekesn\u0151 kor\u00e1bbi \u00fcnnepi vide\u00f3sorozat\u00e1nak kedvencei \u2013 k\u00f6zt\u00fck saj\u00e1t kar\u00e1csonyi dala, az \u201eIlyenkor\u201d \u2013 szint\u00e9n helyet kapnak a m\u0171sorban.<br \/>\nJingle Bells \u2022 Santa Claus Is Coming \u2022 Ha elj\u00f6nnek az angyalok \u2022 White Christmas \u2026 \u00e9s m\u00e9g sok \u00fcnnepi meglepet\u00e9s!<\/p>\n<p><strong>Id\u0151pont:<\/strong> 2025. december 20., szombat 18.00<br \/>\n<strong>Helysz\u00edn:<\/strong> \u00d6reghegyi K\u00f6z\u00f6ss\u00e9gi H\u00e1z<br \/>\nSz\u00e9kesfeh\u00e9rv\u00e1r, Fisk\u00e1lis \u00fat 93.<\/p>\n<p><strong>Bel\u00e9p\u0151:<\/strong> 2000 Ft\/f\u0151<br \/>\n<strong>Jegyv\u00e1s\u00e1rl\u00e1s:<\/strong> www.fehervariprogram.hu\/jegy<\/p>\n<p>Gyere el, \u00e9s hangol\u00f3djunk egy\u00fctt a kar\u00e1csonyra Boggie var\u00e1zslatos koncertj\u00e9vel!<\/p>\n","protected":false},"excerpt":{"rendered":"<p>Az online \u00e9rt\u00e9kes\u00edt\u00e9s lez\u00e1rult, tov\u00e1bbi jegyek a rendezv\u00e9ny el\u0151tt, a helysz\u00ednen v\u00e1lthat\u00f3k.<\/p>\n<p>Helysz\u00edn: \u00d6reghegyi K\u00f6z\u00f6ss\u00e9gi H\u00e1z (8000 Sz\u00e9kesfeh\u00e9rv\u00e1r, Fisk\u00e1lis \u00fat 93.)<br \/>\n<a href=\"https:\/\/maps.app.goo.gl\/7ZQsZ3VYk7jdsDVM6\">T\u00e9rk\u00e9p &gt;&gt;<\/a><br \/>\n<a href=\"https:\/\/fehervariprogram.hu\/jegy\/wp-content\/uploads\/2025\/11\/jegyertekesitesi-tajekoztato.docx.docx-masolata.pdf\">Jegyv\u00e1s\u00e1rl\u00e1si t\u00e1j\u00e9koztat\u00f3<\/a><\/p>\n","protected":false},"featured_media":4612,"template":"","meta":[],"product_brand":[],"product_cat":[16],"product_tag":[],"class_list":{"0":"post-4471","1":"product","2":"type-product","3":"status-publish","4":"has-post-thumbnail","6":"product_cat-belepojegy","8":"first","9":"outofstock","10":"virtual","11":"purchasable","12":"product-type-simple"},"_links":{"self":[{"href":"https:\/\/fehervariprogram.hu\/jegy\/wp-json\/wp\/v2\/product\/4471","targetHints":{"allow":["GET"]}}],"collection":[{"href":"https:\/\/fehervariprogram.hu\/jegy\/wp-json\/wp\/v2\/product"}],"about":[{"href":"https:\/\/fehervariprogram.hu\/jegy\/wp-json\/wp\/v2\/types\/product"}],"wp:featuredmedia":[{"embeddable":true,"href":"https:\/\/fehervariprogram.hu\/jegy\/wp-json\/wp\/v2\/media\/4612"}],"wp:attachment":[{"href":"https:\/\/fehervariprogram.hu\/jegy\/wp-json\/wp\/v2\/media?parent=4471"}],"wp:term":[{"taxonomy":"product_brand","embeddable":true,"href":"https:\/\/fehervariprogram.hu\/jegy\/wp-json\/wp\/v2\/product_brand?post=4471"},{"taxonomy":"product_cat","embeddable":true,"href":"https:\/\/fehervariprogram.hu\/jegy\/wp-json\/wp\/v2\/product_cat?post=4471"},{"taxonomy":"product_tag","embeddable":true,"href":"https:\/\/fehervariprogram.hu\/jegy\/wp-json\/wp\/v2\/product_tag?post=4471"}],"curies":[{"name":"wp","href":"https:\/\/api.w.org\/{rel}","templated":true}]}}