{"id":4540,"date":"2025-12-02T11:37:53","date_gmt":"2025-12-02T10:37:53","guid":{"rendered":"https:\/\/fehervariprogram.hu\/jegy\/?post_type=product&#038;p=4540"},"modified":"2025-12-17T11:11:08","modified_gmt":"2025-12-17T10:11:08","slug":"szaloki-agi-babakoncert","status":"publish","type":"product","link":"https:\/\/fehervariprogram.hu\/jegy\/rendeles\/szaloki-agi-babakoncert\/","title":{"rendered":"Szal\u00f3ki \u00c1gi Babakoncert (2025. december 17., szerda 10.00)"},"content":{"rendered":"<h2>Szal\u00f3ki \u00c1gi Babakoncert<\/h2>\n<p><strong>~ Csicserg\u0151 \u00e9s D\u00fadol\u00f3 \u00e9vz\u00e1r\u00f3 extra kiad\u00e1s ~<\/strong><\/p>\n<p><strong>\u00c9vz\u00e1r\u00f3 k\u00fcl\u00f6nkiad\u00e1ssal k\u00e9sz\u00fcl\u00a0<\/strong><strong>az SZKKK D\u00fadol\u00f3 \u00e9s Csicserg\u0151 foglalkoz\u00e1sa: december 17-\u00e9n, szerd\u00e1n 10 \u00f3r\u00e1t\u00f3l Szal\u00f3ki \u00c1gi Babakoncertje var\u00e1zsolja el az apr\u00f3s\u00e1gokat a Fels\u0151v\u00e1rosi K\u00f6z\u00f6ss\u00e9gi H\u00e1zban.<\/strong><\/p>\n<p>\ud83d\udcc5 <strong data-start=\"1824\" data-end=\"1860\">2025. december 17., szerda 10.00<\/strong><br data-start=\"1860\" data-end=\"1863\" \/>\ud83d\udccd <strong data-start=\"1866\" data-end=\"1895\">Fels\u0151v\u00e1rosi K\u00f6z\u00f6ss\u00e9gi H\u00e1z<\/strong> | Sz\u00e9kesfeh\u00e9rv\u00e1r, Havranek J. u. 27.<br data-start=\"1932\" data-end=\"1935\" \/>\ud83c\udf9f <strong data-start=\"1938\" data-end=\"1960\">Bel\u00e9p\u0151: 2000 Ft\/f\u0151<\/strong><br data-start=\"1960\" data-end=\"1963\" \/>\ud83c\udfab <strong data-start=\"1966\" data-end=\"1977\">Jegyek:<\/strong> <a class=\"decorated-link\" href=\"http:\/\/www.fehervariprogram.hu\/jegy\" target=\"_new\" rel=\"noopener\" data-start=\"1978\" data-end=\"2006\">www.fehervariprogram.hu\/jegy<\/a><\/p>\n<p>A h\u00e1romszoros Fonogram-d\u00edjas, Liszt Ferenc-d\u00edjas Szal\u00f3ki \u00c1gi k\u00e9t \u00e9vtizede \u00e9nekel az \u00f3vod\u00e1s koroszt\u00e1lynak, \u00e9s n\u00e9h\u00e1ny \u00e9ve k\u00fcl\u00f6n m\u0171sort k\u00e9sz\u00edtett a 0\u20133 \u00e9ves bab\u00e1knak \u00e9s sz\u00fcleiknek. A babakoncerteken tudatosan kisebb t\u00e9rben, bens\u0151s\u00e9ges hangulatban csendesebb, \u00e9letkorra hangolt zenei vil\u00e1got teremt. A program r\u00e9sze az \u00e9l\u0151zene-hallgat\u00e1s, a k\u00f6z\u00f6s \u00e9nekl\u00e9s, mond\u00f3k\u00e1z\u00e1s, valamint az \u00f6lbeli j\u00e1t\u00e9kok \u2013 a sz\u00fcl\u0151k \u00e9s gyermekeik akt\u00edv bevon\u00e1s\u00e1val.<\/p>\n<p>A 35\u201345 perces koncert komplex zenei \u00e9lm\u00e9nyt k\u00edn\u00e1l a feln\u0151tteknek is, mik\u00f6zben a bab\u00e1k sz\u00e1m\u00e1ra k\u00fcl\u00f6nleges ritmusos, \u00e9rint\u00e9ses \u00e9s mozg\u00e1sos megtapasztal\u00e1st ny\u00fajt. A koncertsorozat seg\u00edti a sz\u00fcl\u0151\u2013gyermek kapcsolat elm\u00e9ly\u00fcl\u00e9s\u00e9t \u00e9s a korai k\u00f6t\u0151d\u00e9st.<\/p>\n<p><strong>K\u00f6zrem\u0171k\u00f6dnek:<\/strong><br \/>\n\u2022 Szal\u00f3ki \u00c1gi \u2013 \u00e9nek, \u00fct\u0151hangszerek<br \/>\n\u2022 Cs\u00f3k\u00e1s Zsolt \u2013 akusztikus git\u00e1r, \u00e9nek<br \/>\n\u2022 Szalai P\u00e9ter \u2013 \u00fct\u0151hangszerek<\/p>\n<p><strong>Bel\u00e9p\u0151:<\/strong>\u00a02000 Ft\/f\u0151<\/p>\n<p>A rendezv\u00e9ny sajt\u00f3nyilv\u00e1nos.<\/p>\n<p>&nbsp;<\/p>\n","protected":false},"excerpt":{"rendered":"<p>Az online \u00e9rt\u00e9kes\u00edt\u00e9s lez\u00e1rult, tov\u00e1bbi jegyek a rendezv\u00e9ny el\u0151tt, a helysz\u00ednen v\u00e1lthat\u00f3k.<\/p>\n<p>Helysz\u00edn: Fels\u0151v\u00e1rosi K\u00f6z\u00f6ss\u00e9gi H\u00e1z (8000 Sz\u00e9kesfeh\u00e9rv\u00e1r, Havranek J\u00f3zsef utca 27.)<br \/>\n<a href=\"https:\/\/maps.app.goo.gl\/AKzhSJYGivbp4fhU9\">T\u00e9rk\u00e9p &gt;&gt;<\/a><br \/>\n<a href=\"https:\/\/fehervariprogram.hu\/jegy\/wp-content\/uploads\/2025\/12\/Jegyvasarlasi_Szaloki_Agi.pdf\">Jegyv\u00e1s\u00e1rl\u00e1si t\u00e1j\u00e9koztat\u00f3<\/a><\/p>\n","protected":false},"featured_media":4557,"template":"","meta":[],"product_brand":[],"product_cat":[16],"product_tag":[],"class_list":{"0":"post-4540","1":"product","2":"type-product","3":"status-publish","4":"has-post-thumbnail","6":"product_cat-belepojegy","8":"first","9":"outofstock","10":"shipping-taxable","11":"purchasable","12":"product-type-variable","13":"has-default-attributes"},"_links":{"self":[{"href":"https:\/\/fehervariprogram.hu\/jegy\/wp-json\/wp\/v2\/product\/4540","targetHints":{"allow":["GET"]}}],"collection":[{"href":"https:\/\/fehervariprogram.hu\/jegy\/wp-json\/wp\/v2\/product"}],"about":[{"href":"https:\/\/fehervariprogram.hu\/jegy\/wp-json\/wp\/v2\/types\/product"}],"wp:featuredmedia":[{"embeddable":true,"href":"https:\/\/fehervariprogram.hu\/jegy\/wp-json\/wp\/v2\/media\/4557"}],"wp:attachment":[{"href":"https:\/\/fehervariprogram.hu\/jegy\/wp-json\/wp\/v2\/media?parent=4540"}],"wp:term":[{"taxonomy":"product_brand","embeddable":true,"href":"https:\/\/fehervariprogram.hu\/jegy\/wp-json\/wp\/v2\/product_brand?post=4540"},{"taxonomy":"product_cat","embeddable":true,"href":"https:\/\/fehervariprogram.hu\/jegy\/wp-json\/wp\/v2\/product_cat?post=4540"},{"taxonomy":"product_tag","embeddable":true,"href":"https:\/\/fehervariprogram.hu\/jegy\/wp-json\/wp\/v2\/product_tag?post=4540"}],"curies":[{"name":"wp","href":"https:\/\/api.w.org\/{rel}","templated":true}]}}