{"id":4586,"date":"2025-12-05T15:34:45","date_gmt":"2025-12-05T14:34:45","guid":{"rendered":"https:\/\/fehervariprogram.hu\/jegy\/?post_type=product&#038;p=4586"},"modified":"2025-12-20T18:18:08","modified_gmt":"2025-12-20T17:18:08","slug":"mezeskalacsos-tancos-est-szepkoruaknak-2025-december-20-szombat-1500-masolat","status":"publish","type":"product","link":"https:\/\/fehervariprogram.hu\/jegy\/rendeles\/mezeskalacsos-tancos-est-szepkoruaknak-2025-december-20-szombat-1500-masolat\/","title":{"rendered":"M\u00e9zeskal\u00e1csos t\u00e1ncos est sz\u00e9pkor\u00faaknak (2025. december 20., szombat 15:00)"},"content":{"rendered":"<h2>M\u00e9zeskal\u00e1csos t\u00e1ncos est sz\u00e9pkor\u00faaknak<\/h2>\n<p><strong>Szeretettel v\u00e1rjuk a szenior koroszt\u00e1ly tagjait egy k\u00fcl\u00f6nleges \u0151szi rendezv\u00e9nyre, ahol a j\u00f3kedv, a zene \u00e9s a k\u00f6z\u00f6ss\u00e9gi \u00e9lm\u00e9ny ker\u00fcl a k\u00f6z\u00e9ppontba!<\/strong><\/p>\n<p>K\u00e9sz\u00fclj a t\u00e9li var\u00e1zslatra egy hangulatos d\u00e9lut\u00e1non, ahol a Hangulat Band zen\u00e9j\u00e9re t\u00e1ncolhatunk, \u00e9nekelhet\u00fcnk \u00e9s nosztalgi\u00e1zhatunk a r\u00e9gi sz\u00e9p id\u0151k dallamaira!<\/p>\n<p>Id\u0151pont: <strong>2025. december 20., szombat 15.00\u201320.00<\/strong><br \/>\nHelysz\u00edn: <strong>Fels\u0151v\u00e1rosi K\u00f6z\u00f6ss\u00e9gi H\u00e1z<\/strong><br \/>\nSz\u00e9kesfeh\u00e9rv\u00e1r, Havranek J\u00f3zsef u. 27.<\/p>\n<p><strong>Bel\u00e9p\u0151:<\/strong> 1000 Ft\/f\u0151<br \/>\n<strong>Jegyv\u00e1s\u00e1rl\u00e1s:<\/strong> <a href=\"https:\/\/www.fehervariprogram.hu\/jegy\" target=\"_blank\" rel=\"noopener\">www.fehervariprogram.hu\/jegy<\/a><br \/>\nA helyfoglal\u00e1s \u00e9rkez\u00e9si sorrendben t\u00f6rt\u00e9nik.<\/p>\n<p><strong>B\u00fcf\u00e9:<\/strong> batyus b\u00e1l form\u00e1j\u00e1ban \u2013 hozd a saj\u00e1t finoms\u00e1gaidat \u00e9s k\u00f3stolj m\u00e1sokkal is!<\/p>\n<p>Gyere, \u00e9s meleg\u00edts\u00fck fel egy\u00fctt a sz\u00edv\u00fcnket a t\u00e9li var\u00e1zsban!<\/p>\n<p>A rendezv\u00e9ny sajt\u00f3nyilv\u00e1nos.<\/p>\n","protected":false},"excerpt":{"rendered":"<p>Az online \u00e9rt\u00e9kes\u00edt\u00e9s lez\u00e1rult, tov\u00e1bbi jegyek a rendezv\u00e9ny el\u0151tt, a helysz\u00ednen v\u00e1lthat\u00f3k.<\/p>\n<p>Helysz\u00edn: Fels\u0151v\u00e1rosi K\u00f6z\u00f6ss\u00e9gi H\u00e1z (8000 Sz\u00e9kesfeh\u00e9rv\u00e1r, Havranek J\u00f3zsef utca 27.)<br \/>\n<a href=\"https:\/\/maps.app.goo.gl\/AKzhSJYGivbp4fhU9\">T\u00e9rk\u00e9p &gt;&gt;<\/a><br \/>\n<a href=\"https:\/\/fehervariprogram.hu\/jegy\/wp-content\/uploads\/2025\/12\/Jegyvasarlasi_Zsuptipro_III.pdf\">Jegyv\u00e1s\u00e1rl\u00e1si t\u00e1j\u00e9koztat\u00f3<\/a><\/p>\n","protected":false},"featured_media":4587,"template":"","meta":[],"product_brand":[],"product_cat":[16],"product_tag":[],"class_list":{"0":"post-4586","1":"product","2":"type-product","3":"status-publish","4":"has-post-thumbnail","6":"product_cat-belepojegy","8":"first","9":"outofstock","10":"shipping-taxable","11":"purchasable","12":"product-type-simple"},"_links":{"self":[{"href":"https:\/\/fehervariprogram.hu\/jegy\/wp-json\/wp\/v2\/product\/4586","targetHints":{"allow":["GET"]}}],"collection":[{"href":"https:\/\/fehervariprogram.hu\/jegy\/wp-json\/wp\/v2\/product"}],"about":[{"href":"https:\/\/fehervariprogram.hu\/jegy\/wp-json\/wp\/v2\/types\/product"}],"wp:featuredmedia":[{"embeddable":true,"href":"https:\/\/fehervariprogram.hu\/jegy\/wp-json\/wp\/v2\/media\/4587"}],"wp:attachment":[{"href":"https:\/\/fehervariprogram.hu\/jegy\/wp-json\/wp\/v2\/media?parent=4586"}],"wp:term":[{"taxonomy":"product_brand","embeddable":true,"href":"https:\/\/fehervariprogram.hu\/jegy\/wp-json\/wp\/v2\/product_brand?post=4586"},{"taxonomy":"product_cat","embeddable":true,"href":"https:\/\/fehervariprogram.hu\/jegy\/wp-json\/wp\/v2\/product_cat?post=4586"},{"taxonomy":"product_tag","embeddable":true,"href":"https:\/\/fehervariprogram.hu\/jegy\/wp-json\/wp\/v2\/product_tag?post=4586"}],"curies":[{"name":"wp","href":"https:\/\/api.w.org\/{rel}","templated":true}]}}