{"id":4681,"date":"2025-12-17T00:29:11","date_gmt":"2025-12-16T23:29:11","guid":{"rendered":"https:\/\/fehervariprogram.hu\/jegy\/?post_type=product&#038;p=4681"},"modified":"2026-01-17T18:31:39","modified_gmt":"2026-01-17T17:31:39","slug":"pedrofon-2026-01-17","status":"publish","type":"product","link":"https:\/\/fehervariprogram.hu\/jegy\/rendeles\/pedrofon-2026-01-17\/","title":{"rendered":"Rock and Roll buli a Pedrofon egy\u00fcttessel (2026. janu\u00e1r 17., szombat 19.00)"},"content":{"rendered":"<h2><strong>Rock and Roll buli a Pedrofon egy\u00fcttessel<\/strong><\/h2>\n<p><strong>2026. janu\u00e1r 17-\u00e9n, szombaton 19.00 \u00e9s 22.00 k\u00f6z\u00f6tt igazi rock and roll hangulat k\u00f6lt\u00f6zik az \u00d6reghegyi K\u00f6z\u00f6ss\u00e9gi H\u00e1zba. A sz\u00ednpadon a Pedrofon zenekar gondoskodik a fergeteges est\u00e9r\u0151l.<\/strong><\/p>\n<p>A Pedrofon 23 \u00e9ve Magyarorsz\u00e1g egyik legt\u00f6bbet koncertez\u0151 rock and roll zenekara. T\u00f6bb mint 2000 fell\u00e9p\u00e9s van m\u00f6g\u00f6tt\u00fck, \u00e9s t\u00f6retlen lend\u00fclettel, \u00e9vente k\u00f6zel 100 alkalommal \u00e1llnak sz\u00ednpadra orsz\u00e1gszerte. Utcab\u00e1lokon, esk\u00fcv\u0151k\u00f6n, c\u00e9ges rendezv\u00e9nyeken \u00e9s klubokban egyar\u00e1nt a k\u00f6z\u00f6ns\u00e9g kedvencei.<\/p>\n<p>Retro m\u0171soruk l\u00e1tv\u00e1nyos show-elemekkel, humorral \u00e9s sok-sok t\u00e1ncolhat\u00f3 sl\u00e1gerrel f\u0171szerezett. El\u0151ad\u00e1suk minden koroszt\u00e1ly sz\u00e1m\u00e1ra \u00e9lvezetes, garant\u00e1ltan megmozgatja a k\u00f6z\u00f6ns\u00e9get.<\/p>\n<p>A zenekar olyan neves el\u0151ad\u00f3kat k\u00eds\u00e9rt p\u00e1lyafut\u00e1sa sor\u00e1n, mint Feny\u0151 Mikl\u00f3s, a Dolly Roll, Kom\u00e1r L\u00e1szl\u00f3 vagy Tak\u00e1ts Tam\u00e1s.<\/p>\n<p><strong>Helysz\u00edn: \u00d6reghegyi K\u00f6z\u00f6ss\u00e9gi H\u00e1z<\/strong><br \/>\n<strong>Id\u0151pont: 2026. janu\u00e1r 17., szombat 19.00\u201322.00<\/strong><br \/>\n<strong>Bel\u00e9p\u0151: 3 500 Ft<\/strong><\/p>\n<p>A helysz\u00ednen b\u00fcf\u00e9 m\u0171k\u00f6dik, a rendezv\u00e9ny sajt\u00f3nyilv\u00e1nos.<\/p>\n<p>V\u00e1runk mindenkit egy lend\u00fcletes, hamis\u00edtatlan rock and roll est\u00e9re!<\/p>\n","protected":false},"excerpt":{"rendered":"<p>Az online \u00e9rt\u00e9kes\u00edt\u00e9s lez\u00e1rult, tov\u00e1bbi jegyek a rendezv\u00e9ny el\u0151tt, a helysz\u00ednen v\u00e1lthat\u00f3k.<\/p>\n<p>Helysz\u00edn: \u00d6reghegyi K\u00f6z\u00f6ss\u00e9gi H\u00e1z (8000 Sz\u00e9kesfeh\u00e9rv\u00e1r, Fisk\u00e1lis \u00fat 93.)<br \/>\n<a href=\"https:\/\/maps.app.goo.gl\/7ZQsZ3VYk7jdsDVM6\">T\u00e9rk\u00e9p &gt;&gt;<\/a><br \/>\n<a href=\"https:\/\/fehervariprogram.hu\/jegy\/wp-content\/uploads\/2025\/12\/pedrofon_jegyertekesitesi_tajekoztato.pdf\">Jegyv\u00e1s\u00e1rl\u00e1si t\u00e1j\u00e9koztat\u00f3<\/a><\/p>\n","protected":false},"featured_media":4697,"template":"","meta":[],"product_brand":[],"product_cat":[16],"product_tag":[],"class_list":{"0":"post-4681","1":"product","2":"type-product","3":"status-publish","4":"has-post-thumbnail","6":"product_cat-belepojegy","8":"first","9":"outofstock","10":"virtual","11":"purchasable","12":"product-type-simple"},"_links":{"self":[{"href":"https:\/\/fehervariprogram.hu\/jegy\/wp-json\/wp\/v2\/product\/4681","targetHints":{"allow":["GET"]}}],"collection":[{"href":"https:\/\/fehervariprogram.hu\/jegy\/wp-json\/wp\/v2\/product"}],"about":[{"href":"https:\/\/fehervariprogram.hu\/jegy\/wp-json\/wp\/v2\/types\/product"}],"wp:featuredmedia":[{"embeddable":true,"href":"https:\/\/fehervariprogram.hu\/jegy\/wp-json\/wp\/v2\/media\/4697"}],"wp:attachment":[{"href":"https:\/\/fehervariprogram.hu\/jegy\/wp-json\/wp\/v2\/media?parent=4681"}],"wp:term":[{"taxonomy":"product_brand","embeddable":true,"href":"https:\/\/fehervariprogram.hu\/jegy\/wp-json\/wp\/v2\/product_brand?post=4681"},{"taxonomy":"product_cat","embeddable":true,"href":"https:\/\/fehervariprogram.hu\/jegy\/wp-json\/wp\/v2\/product_cat?post=4681"},{"taxonomy":"product_tag","embeddable":true,"href":"https:\/\/fehervariprogram.hu\/jegy\/wp-json\/wp\/v2\/product_tag?post=4681"}],"curies":[{"name":"wp","href":"https:\/\/api.w.org\/{rel}","templated":true}]}}