{"id":4908,"date":"2026-02-04T09:23:29","date_gmt":"2026-02-04T08:23:29","guid":{"rendered":"https:\/\/fehervariprogram.hu\/jegy\/?post_type=product&#038;p=4908"},"modified":"2026-02-22T16:45:26","modified_gmt":"2026-02-22T15:45:26","slug":"merai-kata-talkshow-2602","status":"publish","type":"product","link":"https:\/\/fehervariprogram.hu\/jegy\/rendeles\/merai-kata-talkshow-2602\/","title":{"rendered":"M\u00e9rai Kata Talkshow (2026. febru\u00e1r 22., vas\u00e1rnap 17.00)"},"content":{"rendered":"<h2><strong>M\u00e9rai Kata Talkshow<\/strong><\/h2>\n<p><strong>\u0150szinte besz\u00e9lget\u00e9sek | Szem\u00e9lyes storyk | D\u00f6nt\u00e9sek | Sikerek<\/strong><\/p>\n<p>Talkshow-sorozat \u00d6reghegyen<\/p>\n<p>H\u00e1zigazda: M\u00e9rai Kata sz\u00edn\u00e9szn\u0151, sz\u00ednh\u00e1zi rendez\u0151, \u00edr\u00f3<\/p>\n<p>Vend\u00e9g: Balatoni J\u00f3zsef \u2013 \u201eJoc\u00f3 b\u00e1csi\u201d, m\u00e9diaszem\u00e9lyis\u00e9g, t\u00f6rt\u00e9nelemtan\u00e1r, \u00edr\u00f3<\/p>\n<p><strong>2026. febru\u00e1r 22., vas\u00e1rnap, 17.00<\/strong><br \/>\n<strong>\u00d6reghegyi K\u00f6z\u00f6ss\u00e9gi H\u00e1z<\/strong><br \/>\nSz\u00e9kesfeh\u00e9rv\u00e1r, Fisk\u00e1lis \u00fat 93.<\/p>\n<p>K\u00fcl\u00f6nleges talkshow-sorozat indul \u00d6reghegyen, ahol \u0151szinte besz\u00e9lget\u00e9sek, szem\u00e9lyes t\u00f6rt\u00e9netek \u00e9s inspir\u00e1l\u00f3 gondolatok ker\u00fclnek a k\u00f6z\u00e9ppontba ismert emberekkel. A sorozat h\u00e1zigazd\u00e1ja M\u00e9rai Kata sz\u00edn\u00e9szn\u0151, sz\u00ednh\u00e1zi rendez\u0151, \u00edr\u00f3, aki vend\u00e9geivel az \u00e9let\u00fatjukr\u00f3l, d\u00f6nt\u00e9seikr\u0151l, k\u00fczdelmeikr\u0151l \u00e9s sikereikr\u0151l besz\u00e9lget.<\/p>\n<p><strong>Bel\u00e9p\u0151:<\/strong> 3 500 Ft<\/p>\n<p>A rendezv\u00e9ny sajt\u00f3nyilv\u00e1nos.<\/p>\n","protected":false},"excerpt":{"rendered":"<p>Az online \u00e9rt\u00e9kes\u00edt\u00e9s lez\u00e1rult, jegyek a rendezv\u00e9ny el\u0151tt a helysz\u00ednen v\u00e1lthat\u00f3k.<\/p>\n<p>Helysz\u00edn: \u00d6reghegyi K\u00f6z\u00f6ss\u00e9gi H\u00e1z (8000 Sz\u00e9kesfeh\u00e9rv\u00e1r, Fisk\u00e1lis \u00fat 93.)<br \/>\n<a href=\"https:\/\/maps.app.goo.gl\/7ZQsZ3VYk7jdsDVM6\">T\u00e9rk\u00e9p &gt;&gt;<\/a><br \/>\n<a href=\"https:\/\/fehervariprogram.hu\/jegy\/wp-content\/uploads\/2026\/02\/Jegyvasarlasi_tajekoztato_merai_kata_talkshow_balatoni_jozsef.pdf\">Jegyv\u00e1s\u00e1rl\u00e1si t\u00e1j\u00e9koztat\u00f3<\/a><\/p>\n","protected":false},"featured_media":4909,"template":"","meta":[],"product_brand":[],"product_cat":[16],"product_tag":[],"class_list":{"0":"post-4908","1":"product","2":"type-product","3":"status-publish","4":"has-post-thumbnail","6":"product_cat-belepojegy","8":"first","9":"outofstock","10":"virtual","11":"purchasable","12":"product-type-simple"},"_links":{"self":[{"href":"https:\/\/fehervariprogram.hu\/jegy\/wp-json\/wp\/v2\/product\/4908","targetHints":{"allow":["GET"]}}],"collection":[{"href":"https:\/\/fehervariprogram.hu\/jegy\/wp-json\/wp\/v2\/product"}],"about":[{"href":"https:\/\/fehervariprogram.hu\/jegy\/wp-json\/wp\/v2\/types\/product"}],"wp:featuredmedia":[{"embeddable":true,"href":"https:\/\/fehervariprogram.hu\/jegy\/wp-json\/wp\/v2\/media\/4909"}],"wp:attachment":[{"href":"https:\/\/fehervariprogram.hu\/jegy\/wp-json\/wp\/v2\/media?parent=4908"}],"wp:term":[{"taxonomy":"product_brand","embeddable":true,"href":"https:\/\/fehervariprogram.hu\/jegy\/wp-json\/wp\/v2\/product_brand?post=4908"},{"taxonomy":"product_cat","embeddable":true,"href":"https:\/\/fehervariprogram.hu\/jegy\/wp-json\/wp\/v2\/product_cat?post=4908"},{"taxonomy":"product_tag","embeddable":true,"href":"https:\/\/fehervariprogram.hu\/jegy\/wp-json\/wp\/v2\/product_tag?post=4908"}],"curies":[{"name":"wp","href":"https:\/\/api.w.org\/{rel}","templated":true}]}}