{"id":4999,"date":"2026-03-12T11:18:26","date_gmt":"2026-03-12T10:18:26","guid":{"rendered":"https:\/\/fehervariprogram.hu\/jegy\/?post_type=product&#038;p=4999"},"modified":"2026-04-10T11:38:25","modified_gmt":"2026-04-10T09:38:25","slug":"szineszeink-kedvencei-jaro-zsuzsa","status":"publish","type":"product","link":"https:\/\/fehervariprogram.hu\/jegy\/rendeles\/szineszeink-kedvencei-jaro-zsuzsa\/","title":{"rendered":"Sz\u00edn\u00e9szeink kedvencei \u2013 J\u00e1r\u00f3 Zsuzsa (2026. j\u00fanius 4., cs\u00fct\u00f6rt\u00f6k 18.00)"},"content":{"rendered":"<h2><strong>Sz\u00edn\u00e9szeink kedvencei \u2013 J\u00e1r\u00f3 Zsuzsa<\/strong><\/h2>\n<p>Az SZKKK irodalmi sorozat\u00e1ban ismert sz\u00edn\u00e9szek mondj\u00e1k el legkedvesebb verseiket, mutatj\u00e1k meg kedvenc irodalmi m\u0171veik r\u00e9szleteit, amelyek hat\u00e1ssal voltak p\u00e1ly\u00e1jukra, csal\u00e1di \u00e9let\u00fckre, gondolkod\u00e1sukra. Akik elj\u00f6nnek hozz\u00e1nk, az irodalmi felt\u00f6lt\u0151d\u00e9s mellett egy besz\u00e9lget\u00e9sb\u0151l m\u00e9g t\u00f6bbet tudhatnak meg kedvenceikr\u0151l.<\/p>\n<blockquote><p><strong>2026. j\u00fanius 4., cs\u00fct\u00f6rt\u00f6k 18.00<\/strong><br \/>\n<strong>Kir\u00e1lyk\u00fat Eml\u00e9kh\u00e1z<\/strong><br \/>\nSz\u00e9kesfeh\u00e9rv\u00e1r, Miksz\u00e1th K\u00e1lm\u00e1n utca 25.<\/p><\/blockquote>\n<p><strong>Bel\u00e9p\u0151: 1500 Ft\/f\u0151<\/strong><br \/>\n<strong>Di\u00e1k, nyugd\u00edjas: 1200 Ft\/f\u0151 <\/strong><\/p>\n<p>A kedvezm\u00e9nyek ig\u00e9nybev\u00e9tel\u00e9hez bel\u00e9p\u00e9skor nyugd\u00edjas-, illetve di\u00e1kigazolv\u00e1ny felmutat\u00e1sa sz\u00fcks\u00e9ges.<\/p>\n<p>A rendezv\u00e9ny sajt\u00f3nyilv\u00e1nos.<\/p>\n","protected":false},"excerpt":{"rendered":"<p>Helysz\u00edn: Kir\u00e1lyk\u00fat Eml\u00e9kh\u00e1z (Sz\u00e9kesfeh\u00e9rv\u00e1r, Miksz\u00e1th K\u00e1lm\u00e1n utca 25.)<\/p>\n<p><a href=\"https:\/\/maps.app.goo.gl\/Wpht412RVR48t5VJ6\">T\u00e9rk\u00e9p &gt;&gt;<\/a><br \/>\n<a href=\"https:\/\/fehervariprogram.hu\/jegy\/wp-content\/uploads\/2026\/04\/Jegyvasarlasi-tajekoztato-jaro_zsuzsa.pdf\">Jegyv\u00e1s\u00e1rl\u00e1si t\u00e1j\u00e9koztat\u00f3<\/a><\/p>\n","protected":false},"featured_media":5070,"template":"","meta":[],"product_brand":[],"product_cat":[16],"product_tag":[],"class_list":{"0":"post-4999","1":"product","2":"type-product","3":"status-publish","4":"has-post-thumbnail","6":"product_cat-belepojegy","8":"first","9":"instock","10":"shipping-taxable","11":"purchasable","12":"product-type-variable","13":"has-default-attributes"},"_links":{"self":[{"href":"https:\/\/fehervariprogram.hu\/jegy\/wp-json\/wp\/v2\/product\/4999","targetHints":{"allow":["GET"]}}],"collection":[{"href":"https:\/\/fehervariprogram.hu\/jegy\/wp-json\/wp\/v2\/product"}],"about":[{"href":"https:\/\/fehervariprogram.hu\/jegy\/wp-json\/wp\/v2\/types\/product"}],"wp:featuredmedia":[{"embeddable":true,"href":"https:\/\/fehervariprogram.hu\/jegy\/wp-json\/wp\/v2\/media\/5070"}],"wp:attachment":[{"href":"https:\/\/fehervariprogram.hu\/jegy\/wp-json\/wp\/v2\/media?parent=4999"}],"wp:term":[{"taxonomy":"product_brand","embeddable":true,"href":"https:\/\/fehervariprogram.hu\/jegy\/wp-json\/wp\/v2\/product_brand?post=4999"},{"taxonomy":"product_cat","embeddable":true,"href":"https:\/\/fehervariprogram.hu\/jegy\/wp-json\/wp\/v2\/product_cat?post=4999"},{"taxonomy":"product_tag","embeddable":true,"href":"https:\/\/fehervariprogram.hu\/jegy\/wp-json\/wp\/v2\/product_tag?post=4999"}],"curies":[{"name":"wp","href":"https:\/\/api.w.org\/{rel}","templated":true}]}}