{"id":5061,"date":"2026-04-06T20:42:29","date_gmt":"2026-04-06T18:42:29","guid":{"rendered":"https:\/\/fehervariprogram.hu\/jegy\/?post_type=product&#038;p=5061"},"modified":"2026-04-06T20:48:28","modified_gmt":"2026-04-06T18:48:28","slug":"merai-kata-talkshow-260519","status":"publish","type":"product","link":"https:\/\/fehervariprogram.hu\/jegy\/rendeles\/merai-kata-talkshow-260519\/","title":{"rendered":"M\u00e9rai Kata Talkshow (2026. m\u00e1jus 19., kedd 18.00)"},"content":{"rendered":"<h2><strong>M\u00e9rai Kata Talkshow<\/strong><\/h2>\n<p><strong>\u0150szinte besz\u00e9lget\u00e9sek | Szem\u00e9lyes storyk | D\u00f6nt\u00e9sek | Sikerek<\/strong><\/p>\n<p>Talkshow-sorozat \u00d6reghegyen<\/p>\n<p><strong>H\u00e1zigazda: M\u00e9rai Kata<\/strong> sz\u00edn\u00e9szn\u0151, sz\u00ednh\u00e1zi rendez\u0151, \u00edr\u00f3<\/p>\n<p><strong>Vend\u00e9g: Szabados \u00c1gi,<\/strong> a Libertine K\u00f6nyvesboltok \u00e9s K\u00f6nyvkiad\u00f3 tulajdonosa<\/p>\n<p><strong>2026. m\u00e1jus 19., kedd 18.00<\/strong><br \/>\n<strong>\u00d6reghegyi K\u00f6z\u00f6ss\u00e9gi H\u00e1z<\/strong><br \/>\nSz\u00e9kesfeh\u00e9rv\u00e1r, Fisk\u00e1lis \u00fat 93.<\/p>\n<p>A Libertine K\u00f6nyvesboltokat \u00e9s K\u00f6nyvkiad\u00f3t Szabados \u00c1gi alap\u00edtotta, a m\u00e1ra m\u00e1r t\u00f6bb mint 160.000 olvas\u00f3t megmozgat\u00f3 Nincs id\u0151m olvasni kih\u00edv\u00e1s k\u00f6z\u00f6ss\u00e9g\u00e9re \u00e9p\u00edtve. Jelenleg n\u00e9gy Libertine K\u00f6nyvesbolt v\u00e1rja az olvas\u00f3kat (kett\u0151 Budapesten, egy Debrecenben \u00e9s egy Szegeden). \u201eHisz\u00fcnk benne, hogy a k\u00f6nyvek nemcsak t\u00f6rt\u00e9neteket, hanem k\u00f6z\u00f6ss\u00e9geket is teremtenek, \u00e9s seg\u00edtenek visszatal\u00e1lni \u00f6nmagunkhoz. Azon dolgozunk, hogy az olvas\u00e1s, az irodalom minden koroszt\u00e1ly sz\u00e1m\u00e1ra n\u00e9pszer\u0171v\u00e9 v\u00e1ljon, hogy megtal\u00e1lj\u00e1k az \u00e9rt\u00e9keket a k\u00f6nyvekben, a kapcsol\u00f3d\u00e1si lehet\u0151s\u00e9geket a t\u00f6rt\u00e9netekben.\u201d<\/p>\n<p><strong>Bel\u00e9p\u0151:<\/strong> 3 500 Ft<\/p>\n<p>A rendezv\u00e9ny sajt\u00f3nyilv\u00e1nos.<\/p>\n","protected":false},"excerpt":{"rendered":"<p>Helysz\u00edn: \u00d6reghegyi K\u00f6z\u00f6ss\u00e9gi H\u00e1z (8000 Sz\u00e9kesfeh\u00e9rv\u00e1r, Fisk\u00e1lis \u00fat 93.)<br \/>\n<a href=\"https:\/\/maps.app.goo.gl\/7ZQsZ3VYk7jdsDVM6\">T\u00e9rk\u00e9p &gt;&gt;<\/a><br \/>\n<a href=\"https:\/\/fehervariprogram.hu\/jegy\/wp-content\/uploads\/2026\/04\/Jegyvasarlasi_tajekoztato_merai_kata_talkshow_szabados_agi.pdf\">Jegyv\u00e1s\u00e1rl\u00e1si t\u00e1j\u00e9koztat\u00f3<\/a><\/p>\n","protected":false},"featured_media":5062,"template":"","meta":[],"product_brand":[],"product_cat":[16],"product_tag":[],"class_list":{"0":"post-5061","1":"product","2":"type-product","3":"status-publish","4":"has-post-thumbnail","6":"product_cat-belepojegy","8":"first","9":"instock","10":"virtual","11":"purchasable","12":"product-type-simple"},"_links":{"self":[{"href":"https:\/\/fehervariprogram.hu\/jegy\/wp-json\/wp\/v2\/product\/5061","targetHints":{"allow":["GET"]}}],"collection":[{"href":"https:\/\/fehervariprogram.hu\/jegy\/wp-json\/wp\/v2\/product"}],"about":[{"href":"https:\/\/fehervariprogram.hu\/jegy\/wp-json\/wp\/v2\/types\/product"}],"wp:featuredmedia":[{"embeddable":true,"href":"https:\/\/fehervariprogram.hu\/jegy\/wp-json\/wp\/v2\/media\/5062"}],"wp:attachment":[{"href":"https:\/\/fehervariprogram.hu\/jegy\/wp-json\/wp\/v2\/media?parent=5061"}],"wp:term":[{"taxonomy":"product_brand","embeddable":true,"href":"https:\/\/fehervariprogram.hu\/jegy\/wp-json\/wp\/v2\/product_brand?post=5061"},{"taxonomy":"product_cat","embeddable":true,"href":"https:\/\/fehervariprogram.hu\/jegy\/wp-json\/wp\/v2\/product_cat?post=5061"},{"taxonomy":"product_tag","embeddable":true,"href":"https:\/\/fehervariprogram.hu\/jegy\/wp-json\/wp\/v2\/product_tag?post=5061"}],"curies":[{"name":"wp","href":"https:\/\/api.w.org\/{rel}","templated":true}]}}