{"id":5083,"date":"2026-05-05T09:39:09","date_gmt":"2026-05-05T07:39:09","guid":{"rendered":"https:\/\/fehervariprogram.hu\/jegy\/?post_type=product&#038;p=5083"},"modified":"2026-05-05T09:45:51","modified_gmt":"2026-05-05T07:45:51","slug":"jovobe-pillanto-szemek","status":"publish","type":"product","link":"https:\/\/fehervariprogram.hu\/jegy\/rendeles\/jovobe-pillanto-szemek\/","title":{"rendered":"J\u00f6v\u0151be pillant\u00f3 szemek (2026. m\u00e1jus 14., cs\u00fct\u00f6rt\u00f6k 18.00)"},"content":{"rendered":"<h2><strong>J\u00f6v\u0151be pillant\u00f3 szemek \u2013 n\u00e9pi j\u00f6vend\u00f6l\u00e9si technik\u00e1k az \u00e9vk\u00f6rben<\/strong><\/h2>\n<p><strong>Vend\u00e9g\u00fcnk: dr. Csan\u00e1di Viktor Holl\u00f3 hiedelemkutat\u00f3<\/strong><\/p>\n<p>Az el\u0151ad\u00e1s a hazai n\u00e9phitben megjelen\u0151, j\u00f6v\u0151-kif\u00fcrk\u00e9sz\u0151 technik\u00e1kat mutatja be, melyek az \u00e9v sz\u00e1mos pontj\u00e1hoz kapcsol\u00f3dnak. Az egyes hagyom\u00e1nyok bemutat\u00e1sa mellett azok keletkez\u00e9s m\u00f3djai \u00e9s kultur\u00e1lis k\u00f6lcs\u00f6nhat\u00e1sai is megvil\u00e1g\u00edt\u00e1sra ker\u00fclnek. Ha m\u00e9g nem tudod, hogy mi\u00e9rt kell mandul\u00e1t f\u0151zni a f\u0151zel\u00e9kbe, hogyan pr\u00f3b\u00e1lt\u00e1k megismerni az elj\u00f6vend\u0151t kis hamus\u00edrok seg\u00edts\u00e9g\u00e9vel, vagy hogy mik\u00e9nt lehet megv\u00e1ltoztatni a j\u00f6v\u0151t egy ty\u00fak k\u00fcsz\u00f6bnek gur\u00edt\u00e1s\u00e1val, akkor mindenk\u00e9ppen itt a helyed!<\/p>\n<p>Az el\u0151ad\u00f3 dr. Csan\u00e1di Viktor Holl\u00f3 hiedelemkutat\u00f3, a N\u00e9pi Hiedelmek M\u00fazeum\u00e1nak megb\u00edzott int\u00e9zm\u00e9nyvezet\u0151je \u00e9s a N\u00e9pi R\u00edtusok Kutat\u00f3csoportja, a Doktorok Koll\u00e9giuma, valamint a Nemzetk\u00f6zi Antropol\u00f3giai- \u00e9s N\u00e9prajztudom\u00e1nyi T\u00e1rsas\u00e1g tagja, misszi\u00f3s lelk\u00e9sz.<\/p>\n<blockquote><p><strong>2026. m\u00e1jus 14., cs\u00fct\u00f6rt\u00f6k 18.00<\/strong><br \/>\n<strong>Kir\u00e1lyk\u00fat Eml\u00e9kh\u00e1z<\/strong><br \/>\nSz\u00e9kesfeh\u00e9rv\u00e1r, Miksz\u00e1th K\u00e1lm\u00e1n utca 25.<\/p><\/blockquote>\n<p><strong>Bel\u00e9p\u0151: 1500 Ft\/f\u0151<\/strong><br \/>\n<strong>Di\u00e1k, nyugd\u00edjas: 1200 Ft\/f\u0151 <\/strong><\/p>\n<p>A kedvezm\u00e9nyek ig\u00e9nybev\u00e9tel\u00e9hez bel\u00e9p\u00e9skor nyugd\u00edjas-, illetve di\u00e1kigazolv\u00e1ny felmutat\u00e1sa sz\u00fcks\u00e9ges.<\/p>\n<p>A rendezv\u00e9ny sajt\u00f3nyilv\u00e1nos.<\/p>\n","protected":false},"excerpt":{"rendered":"<p>Helysz\u00edn: Kir\u00e1lyk\u00fat Eml\u00e9kh\u00e1z (Sz\u00e9kesfeh\u00e9rv\u00e1r, Miksz\u00e1th K\u00e1lm\u00e1n utca 25.)<\/p>\n<p><a href=\"https:\/\/maps.app.goo.gl\/Wpht412RVR48t5VJ6\">T\u00e9rk\u00e9p &gt;&gt;<\/a><br \/>\n<a href=\"https:\/\/fehervariprogram.hu\/jegy\/wp-content\/uploads\/2026\/05\/jegyvasarlasi_tajekoztato_-jovobe_pillanto_szemek.pdf\">Jegyv\u00e1s\u00e1rl\u00e1si t\u00e1j\u00e9koztat\u00f3<\/a><\/p>\n","protected":false},"featured_media":5086,"template":"","meta":[],"product_brand":[],"product_cat":[16],"product_tag":[],"class_list":{"0":"post-5083","1":"product","2":"type-product","3":"status-publish","4":"has-post-thumbnail","6":"product_cat-belepojegy","8":"first","9":"instock","10":"shipping-taxable","11":"purchasable","12":"product-type-variable","13":"has-default-attributes"},"_links":{"self":[{"href":"https:\/\/fehervariprogram.hu\/jegy\/wp-json\/wp\/v2\/product\/5083","targetHints":{"allow":["GET"]}}],"collection":[{"href":"https:\/\/fehervariprogram.hu\/jegy\/wp-json\/wp\/v2\/product"}],"about":[{"href":"https:\/\/fehervariprogram.hu\/jegy\/wp-json\/wp\/v2\/types\/product"}],"wp:featuredmedia":[{"embeddable":true,"href":"https:\/\/fehervariprogram.hu\/jegy\/wp-json\/wp\/v2\/media\/5086"}],"wp:attachment":[{"href":"https:\/\/fehervariprogram.hu\/jegy\/wp-json\/wp\/v2\/media?parent=5083"}],"wp:term":[{"taxonomy":"product_brand","embeddable":true,"href":"https:\/\/fehervariprogram.hu\/jegy\/wp-json\/wp\/v2\/product_brand?post=5083"},{"taxonomy":"product_cat","embeddable":true,"href":"https:\/\/fehervariprogram.hu\/jegy\/wp-json\/wp\/v2\/product_cat?post=5083"},{"taxonomy":"product_tag","embeddable":true,"href":"https:\/\/fehervariprogram.hu\/jegy\/wp-json\/wp\/v2\/product_tag?post=5083"}],"curies":[{"name":"wp","href":"https:\/\/api.w.org\/{rel}","templated":true}]}}