{"id":700,"date":"2022-07-29T15:02:12","date_gmt":"2022-07-29T13:02:12","guid":{"rendered":"https:\/\/fehervariprogram.hu\/jegy\/?post_type=product&#038;p=700"},"modified":"2023-02-07T01:45:39","modified_gmt":"2023-02-07T00:45:39","slug":"szarazreti-vigadalom","status":"publish","type":"product","link":"https:\/\/fehervariprogram.hu\/jegy\/rendeles\/szarazreti-vigadalom\/","title":{"rendered":"(Minden jegy elkelt!) Sz\u00e1razr\u00e9ti vigadalom \u2013 2022. szeptember 9., p\u00e9ntek 19 \u00f3ra"},"content":{"rendered":"<p>A sikeres \u00f6reghegyi estek ut\u00e1n szeptember 9-\u00e9n, p\u00e9nteken a K\u00f6z\u00f6ss\u00e9gi K\u00f6zpont \u2013 Feketehegy-Sz\u00e1razr\u00e9ti Kult\u00farudvar szabadt\u00e9ri sz\u00ednpad\u00e1n l\u00e9p a k\u00f6z\u00f6ns\u00e9g el\u00e9 Buch Tibor. A n\u00e9pszer\u0171 m\u0171v\u00e9sz ez\u00fattal L\u0151rincz Judit opera\u00e9nekest \u00e9s St. Martint h\u00edvta vend\u00e9gnek, Az esten k\u00f6zrem\u0171k\u00f6dik Horv\u00e1th Elem\u00e9r \u201eEmi\u201d heged\u0171n, \u00e9s testv\u00e9re, Horv\u00e1th P\u00e9ter zongor\u00e1n. Az esten operett- musicalsl\u00e1gerek \u00e9s \u00f6r\u00f6kz\u00f6ld dallamok hangzanak el.<\/p>\n<p><strong>Helysz\u00edn:<\/strong><br \/>\nK\u00f6z\u00f6ss\u00e9gi K\u00f6zpont \u2013 Feketehegy-Sz\u00e1razr\u00e9ti Kult\u00farudvar<br \/>\n(Sz\u00e9kesfeh\u00e9rv\u00e1r, Farkasvermi \u00fat 2.)<\/p>\n<p><strong>Bel\u00e9p\u0151:<\/strong> 1.900 Ft<\/p>\n","protected":false},"excerpt":{"rendered":"<p>Helysz\u00edn:<br \/>\nK\u00f6z\u00f6ss\u00e9gi K\u00f6zpont \u2013 Feketehegy-Sz\u00e1razr\u00e9ti Kult\u00farudvar<br \/>\n(Sz\u00e9kesfeh\u00e9rv\u00e1r, Farkasvermi \u00fat 2.)<\/p>\n","protected":false},"featured_media":702,"template":"","meta":[],"product_brand":[],"product_cat":[16],"product_tag":[],"class_list":{"0":"post-700","1":"product","2":"type-product","3":"status-publish","4":"has-post-thumbnail","6":"product_cat-belepojegy","8":"first","9":"outofstock","10":"virtual","11":"purchasable","12":"product-type-simple"},"_links":{"self":[{"href":"https:\/\/fehervariprogram.hu\/jegy\/wp-json\/wp\/v2\/product\/700","targetHints":{"allow":["GET"]}}],"collection":[{"href":"https:\/\/fehervariprogram.hu\/jegy\/wp-json\/wp\/v2\/product"}],"about":[{"href":"https:\/\/fehervariprogram.hu\/jegy\/wp-json\/wp\/v2\/types\/product"}],"wp:featuredmedia":[{"embeddable":true,"href":"https:\/\/fehervariprogram.hu\/jegy\/wp-json\/wp\/v2\/media\/702"}],"wp:attachment":[{"href":"https:\/\/fehervariprogram.hu\/jegy\/wp-json\/wp\/v2\/media?parent=700"}],"wp:term":[{"taxonomy":"product_brand","embeddable":true,"href":"https:\/\/fehervariprogram.hu\/jegy\/wp-json\/wp\/v2\/product_brand?post=700"},{"taxonomy":"product_cat","embeddable":true,"href":"https:\/\/fehervariprogram.hu\/jegy\/wp-json\/wp\/v2\/product_cat?post=700"},{"taxonomy":"product_tag","embeddable":true,"href":"https:\/\/fehervariprogram.hu\/jegy\/wp-json\/wp\/v2\/product_tag?post=700"}],"curies":[{"name":"wp","href":"https:\/\/api.w.org\/{rel}","templated":true}]}}