{"id":962,"date":"2022-09-29T17:17:20","date_gmt":"2022-09-29T15:17:20","guid":{"rendered":"https:\/\/fehervariprogram.hu\/jegy\/?post_type=product&#038;p=962"},"modified":"2023-02-07T01:45:37","modified_gmt":"2023-02-07T00:45:37","slug":"szavak-egymashoz","status":"publish","type":"product","link":"https:\/\/fehervariprogram.hu\/jegy\/rendeles\/szavak-egymashoz\/","title":{"rendered":"Kir\u00e1lyk\u00fati T\u00e1rsalg\u00f3: Szavak egym\u00e1shoz (2022. november 3., cs\u00fct\u00f6rt\u00f6k 18 \u00f3ra)"},"content":{"rendered":"<p><strong>Figyelem, helysz\u00ednv\u00e1ltoz\u00e1s! A nagy \u00e9rdekl\u0151d\u00e9s miatt az el\u0151ad\u00e1s helysz\u00edne a Fels\u0151v\u00e1rosi K\u00f6z\u00f6ss\u00e9gi H\u00e1z sz\u00ednh\u00e1zterme lesz. Jegyek tov\u00e1bbra is v\u00e1lthat\u00f3k az esem\u00e9nyre.<\/strong><\/p>\n<p>A Kir\u00e1lyk\u00fati T\u00e1rsalg\u00f3 k\u00f6vetkez\u0151 programj\u00e1ban az er\u0151szakmentes kommunik\u00e1ci\u00f3 szeml\u00e9letm\u00f3dj\u00e1r\u00f3l \u00e9s gyakorlat\u00e1r\u00f3l hallhatnak az \u00e9rdekl\u0151d\u0151k: november 3-\u00e1n, cs\u00fct\u00f6rt\u00f6k\u00f6n 18 \u00f3r\u00e1t\u00f3l a t\u00e9ma legjobb hazai szak\u00e9rt\u0151je, Rambala \u00c9va tart el\u0151ad\u00e1st a Fels\u0151v\u00e1rosi K\u00f6z\u00f6ss\u00e9gi H\u00e1zban.<\/p>\n<p><a href=\"https:\/\/fehervariprogram.hu\/event\/kiralykuti-tarsalgo-221103\">R\u00e9szletes program<\/a><\/p>\n<p><a href=\"https:\/\/fehervariprogram.hu\/letoltes\/Jegyvasarlasi_tajekoztato_kiralykut-2022.pdf\">Jegyv\u00e1s\u00e1rl\u00e1si t\u00e1j\u00e9koztat\u00f3<\/a><\/p>\n","protected":false},"excerpt":{"rendered":"<p><strong>Az online jegy\u00e9rt\u00e9kes\u00edt\u00e9s lez\u00e1rult. Jegyek a helysz\u00ednen v\u00e1lthat\u00f3k.<\/strong><\/p>\n<p><strong>Helysz\u00ednv\u00e1ltoz\u00e1s!<\/strong><\/p>\n<p><strong>\u00daj helysz\u00edn: Fels\u0151v\u00e1rosi K\u00f6z\u00f6ss\u00e9gi H\u00e1z<\/strong><br \/>\n8000 Sz\u00e9kesfeh\u00e9rv\u00e1r, Havranek J\u00f3zsef utca 27.<\/p>\n","protected":false},"featured_media":1043,"template":"","meta":[],"product_brand":[],"product_cat":[16],"product_tag":[],"class_list":{"0":"post-962","1":"product","2":"type-product","3":"status-publish","4":"has-post-thumbnail","6":"product_cat-belepojegy","8":"first","9":"outofstock","10":"shipping-taxable","11":"purchasable","12":"product-type-variable","13":"has-default-attributes"},"_links":{"self":[{"href":"https:\/\/fehervariprogram.hu\/jegy\/wp-json\/wp\/v2\/product\/962","targetHints":{"allow":["GET"]}}],"collection":[{"href":"https:\/\/fehervariprogram.hu\/jegy\/wp-json\/wp\/v2\/product"}],"about":[{"href":"https:\/\/fehervariprogram.hu\/jegy\/wp-json\/wp\/v2\/types\/product"}],"wp:featuredmedia":[{"embeddable":true,"href":"https:\/\/fehervariprogram.hu\/jegy\/wp-json\/wp\/v2\/media\/1043"}],"wp:attachment":[{"href":"https:\/\/fehervariprogram.hu\/jegy\/wp-json\/wp\/v2\/media?parent=962"}],"wp:term":[{"taxonomy":"product_brand","embeddable":true,"href":"https:\/\/fehervariprogram.hu\/jegy\/wp-json\/wp\/v2\/product_brand?post=962"},{"taxonomy":"product_cat","embeddable":true,"href":"https:\/\/fehervariprogram.hu\/jegy\/wp-json\/wp\/v2\/product_cat?post=962"},{"taxonomy":"product_tag","embeddable":true,"href":"https:\/\/fehervariprogram.hu\/jegy\/wp-json\/wp\/v2\/product_tag?post=962"}],"curies":[{"name":"wp","href":"https:\/\/api.w.org\/{rel}","templated":true}]}}